{"id":6239,"date":"2025-04-17T12:15:41","date_gmt":"2025-04-17T10:15:41","guid":{"rendered":"https:\/\/simonfaure.fr\/?page_id=6239"},"modified":"2025-06-13T15:36:24","modified_gmt":"2025-06-13T13:36:24","slug":"digitalisation-des-stocks-en-logistique-avec-google-drive","status":"publish","type":"page","link":"https:\/\/simonfaure.fr\/index.php\/digitalisation-des-stocks-en-logistique-avec-google-drive\/","title":{"rendered":"Gestion des stocks"},"content":{"rendered":"\t\t<div data-elementor-type=\"wp-page\" data-elementor-id=\"6239\" class=\"elementor elementor-6239\">\n\t\t\t\t\t\t<section class=\"elementor-section elementor-top-section elementor-element elementor-element-2cf0b12 elementor-section-stretched elementor-section-boxed elementor-section-gap-beside-yes elementor-section-height-default elementor-section-height-default elementor-section-column-vertical-align-stretch\" data-id=\"2cf0b12\" data-element_type=\"section\" data-settings=\"{&quot;stretch_section&quot;:&quot;section-stretched&quot;,&quot;background_background&quot;:&quot;classic&quot;,&quot;shape_divider_bottom&quot;:&quot;center-curve&quot;,&quot;shape_divider_bottom_negative&quot;:&quot;yes&quot;}\">\n\t\t\t\t\t<div class=\"elementor-shape elementor-shape-bottom\" data-negative=\"true\">\n\t\t\t<svg xmlns=\"http:\/\/www.w3.org\/2000\/svg\" viewBox=\"0 0 100 100\" preserveAspectRatio=\"none\" height=\"100\">\n\t<path class=\"elementor-shape-fill\" d=\"M 0 0 L0 100 L100 100 L100 0 Q 50 200 0 0\" \/>\n<\/svg>\n\t\t<\/div>\n\t\t\t\t\t<div class=\"elementor-container elementor-column-gap-extended\">\n\t\t\t\t\t<div class=\"elementor-column elementor-col-100 elementor-top-column elementor-element elementor-element-9f8dc86\" data-id=\"9f8dc86\" data-element_type=\"column\">\n\t\t\t<div class=\"elementor-widget-wrap elementor-element-populated\">\n\t\t\t\t\t\t<div class=\"elementor-element elementor-element-1166234 elementor-invisible elementor-widget elementor-widget-tm-heading\" data-id=\"1166234\" data-element_type=\"widget\" data-settings=\"{&quot;_animation&quot;:&quot;maxcoachFadeInUp&quot;}\" data-widget_type=\"tm-heading.default\">\n\t\t\t\t<div class=\"elementor-widget-container\">\n\t\t\t\t\t\t\t<div class=\"tm-modern-heading\">\n\t\t\t\t\t<div class=\"heading-secondary-wrap\">\n\t\t\t<h3 class=\"heading-secondary elementor-heading-title\">Cas clients<\/h3>\t\t<\/div>\n\t\t\n\t\t\t\t\t<div class=\"heading-primary-wrap\">\n\t\t\t<h2 class=\"heading-primary elementor-heading-title\">Digitalisation des stocks en logistique<br>avec Google Calendar<\/h2>\t\t<\/div>\n\t\t\n\t\t\t\n\t\t\t\t\t<\/div>\n\t\t\t\t\t\t<\/div>\n\t\t\t\t<\/div>\n\t\t\t\t\t<\/div>\n\t\t<\/div>\n\t\t\t\t\t<\/div>\n\t\t<\/section>\n\t\t\t\t<section class=\"elementor-section elementor-top-section elementor-element elementor-element-d3cf750 elementor-section-boxed elementor-section-gap-beside-yes elementor-section-height-default elementor-section-height-default elementor-section-column-vertical-align-stretch\" data-id=\"d3cf750\" data-element_type=\"section\">\n\t\t\t\t\t\t<div class=\"elementor-container elementor-column-gap-extended\">\n\t\t\t\t\t<div class=\"elementor-column elementor-col-50 elementor-top-column elementor-element elementor-element-3ee0422 elementor-invisible\" data-id=\"3ee0422\" data-element_type=\"column\" data-settings=\"{&quot;animation&quot;:&quot;maxcoachFadeInUp&quot;}\">\n\t\t\t<div class=\"elementor-widget-wrap elementor-element-populated\">\n\t\t\t\t\t\t<div class=\"elementor-element elementor-element-90ab538 elementor-view-default elementor-widget elementor-widget-icon\" data-id=\"90ab538\" data-element_type=\"widget\" data-widget_type=\"icon.default\">\n\t\t\t\t<div class=\"elementor-widget-container\">\n\t\t\t\t\t\t\t<div class=\"elementor-icon-wrapper\">\n\t\t\t<div class=\"elementor-icon\">\n\t\t\t<i aria-hidden=\"true\" class=\"fa-regular fa-box-check\"><\/i>\t\t\t<\/div>\n\t\t<\/div>\n\t\t\t\t\t\t<\/div>\n\t\t\t\t<\/div>\n\t\t\t\t<div class=\"elementor-element elementor-element-8a3afc5 elementor-widget elementor-widget-tm-heading\" data-id=\"8a3afc5\" data-element_type=\"widget\" data-widget_type=\"tm-heading.default\">\n\t\t\t\t<div class=\"elementor-widget-container\">\n\t\t\t\t\t\t\t<div class=\"tm-modern-heading\">\n\t\t\t\n\t\t\t\t\t<div class=\"heading-primary-wrap\">\n\t\t\t<h2 class=\"heading-primary elementor-heading-title\">Fini les formulaires papier en logistique : une <mark>gestion de stock<\/mark> pr\u00e9cise, en temps r\u00e9el et administrativement simplifi\u00e9e.<\/h2>\t\t<\/div>\n\t\t\n\t\t\t\n\t\t\t\t\t<\/div>\n\t\t\t\t\t\t<\/div>\n\t\t\t\t<\/div>\n\t\t\t\t\t<\/div>\n\t\t<\/div>\n\t\t\t\t<div class=\"elementor-column elementor-col-50 elementor-top-column elementor-element elementor-element-50c0f00 elementor-invisible\" data-id=\"50c0f00\" data-element_type=\"column\" data-settings=\"{&quot;animation&quot;:&quot;maxcoachFadeInUp&quot;}\">\n\t\t\t<div class=\"elementor-widget-wrap elementor-element-populated\">\n\t\t\t\t\t\t<div class=\"elementor-element elementor-element-d79f698 elementor-widget elementor-widget-text-editor\" data-id=\"d79f698\" data-element_type=\"widget\" data-widget_type=\"text-editor.default\">\n\t\t\t\t<div class=\"elementor-widget-container\">\n\t\t\t\t\t\t\t\t\t<p><strong>Contexte &amp; Probl\u00e9matique<\/strong><\/p><p><span style=\"font-weight: 400;\">Dans le secteur de la logistique, la gestion des stocks repose encore souvent sur <\/span><b>des formulaires papier<\/b><span style=\"font-weight: 400;\">. Par cons\u00e9quence :<\/span><\/p><ul><li><span style=\"font-weight: 400;\"><b>Saisie manuelle fastidieuse<\/b> et source d\u2019erreurs.<\/span><\/li><li><span style=\"font-weight: 400;\"><b>Manque de visibilit\u00e9 en temps r\u00e9el<\/b> sur les entr\u00e9es et sorties de stock.<\/span><\/li><li><span style=\"font-weight: 400;\"><b>D\u00e9lais de traitement longs<\/b> pour la facturation et le suivi administratif.<\/span><\/li><\/ul><p><span style=\"font-weight: 400;\">L\u2019enjeu \u00e9tait donc de <\/span><b>remplacer ces formulaires papier par une solution num\u00e9rique<\/b><span style=\"font-weight: 400;\">, sans perturber les habitudes des op\u00e9rateurs.<\/span><\/p>\t\t\t\t\t\t\t\t<\/div>\n\t\t\t\t<\/div>\n\t\t\t\t\t<\/div>\n\t\t<\/div>\n\t\t\t\t\t<\/div>\n\t\t<\/section>\n\t\t<div class=\"elementor-element elementor-element-782dd75 e-flex e-con-boxed e-con e-parent\" data-id=\"782dd75\" data-element_type=\"container\">\n\t\t\t\t\t<div class=\"e-con-inner\">\n\t\t\t\t<div class=\"elementor-element elementor-element-0893875 elementor-widget elementor-widget-image\" data-id=\"0893875\" data-element_type=\"widget\" data-widget_type=\"image.default\">\n\t\t\t\t<div class=\"elementor-widget-container\">\n\t\t\t\t\t\t\t\t\t\t\t\t\t\t\t<img fetchpriority=\"high\" decoding=\"async\" width=\"640\" height=\"392\" src=\"https:\/\/simonfaure.fr\/wp-content\/uploads\/2025\/06\/3_SimonFaur_CasClient.png\" class=\"attachment-large size-large wp-image-6376\" alt=\"\" srcset=\"https:\/\/simonfaure.fr\/wp-content\/uploads\/2025\/06\/3_SimonFaur_CasClient.png 1000w, https:\/\/simonfaure.fr\/wp-content\/uploads\/2025\/06\/3_SimonFaur_CasClient-300x184.png 300w, https:\/\/simonfaure.fr\/wp-content\/uploads\/2025\/06\/3_SimonFaur_CasClient-768x470.png 768w, https:\/\/simonfaure.fr\/wp-content\/uploads\/2025\/06\/3_SimonFaur_CasClient-600x367.png 600w\" sizes=\"(max-width: 640px) 100vw, 640px\" \/>\t\t\t\t\t\t\t\t\t\t\t\t\t\t\t<\/div>\n\t\t\t\t<\/div>\n\t\t\t\t\t<\/div>\n\t\t\t\t<\/div>\n\t\t\t\t<section class=\"elementor-section elementor-top-section elementor-element elementor-element-35862b4 elementor-section-boxed elementor-section-gap-beside-yes elementor-section-height-default elementor-section-height-default elementor-section-column-vertical-align-stretch\" data-id=\"35862b4\" data-element_type=\"section\">\n\t\t\t\t\t\t<div class=\"elementor-container elementor-column-gap-extended\">\n\t\t\t\t\t<div class=\"elementor-column elementor-col-100 elementor-top-column elementor-element elementor-element-68e82a7\" data-id=\"68e82a7\" data-element_type=\"column\">\n\t\t\t<div class=\"elementor-widget-wrap elementor-element-populated\">\n\t\t\t\t\t\t<section class=\"elementor-section elementor-inner-section elementor-element elementor-element-1354546 elementor-section-gap-beside-no elementor-section-boxed elementor-section-height-default elementor-section-height-default elementor-section-column-vertical-align-stretch\" data-id=\"1354546\" data-element_type=\"section\">\n\t\t\t\t\t\t<div class=\"elementor-container elementor-column-gap-extended\">\n\t\t\t\t\t<div class=\"elementor-column elementor-col-33 elementor-inner-column elementor-element elementor-element-0255beb\" data-id=\"0255beb\" data-element_type=\"column\">\n\t\t\t<div class=\"elementor-widget-wrap elementor-element-populated\">\n\t\t\t\t\t\t<div class=\"elementor-element elementor-element-650efde maxcoach-list-layout-block elementor-invisible elementor-widget elementor-widget-tm-list\" data-id=\"650efde\" data-element_type=\"widget\" data-settings=\"{&quot;_animation&quot;:&quot;maxcoachFadeInUp&quot;}\" data-widget_type=\"tm-list.default\">\n\t\t\t\t<div class=\"elementor-widget-container\">\n\t\t\t\t\t\t\t<div class=\"maxcoach-list\">\n\t\t\t\t\t\t\t\t<div class=\"item\">\n\n\t\t\t\t\t\t<div class=\"link\">\n\t\t\t\t\t\t<div class=\"list-header\">\n\t\t\t\t\t\t\t\t\t\t\t\t\t\t\t<div class=\"maxcoach-icon icon\"><i aria-hidden=\"true\" class=\"far fa-long-arrow-right\"><\/i><\/div>\t\t\t\t\t\t\t\n\t\t\t\t\t\t\t<div class=\"text-wrap\">\n\t\t\t\t\t\t\t\t\t\t\t\t\t\t\t\t\t<div class=\"text\">Solutions<\/div>\n\t\t\t\t\t\t\t\t\t\t\t\t\t\t\t<\/div>\n\n\t\t\t\t\t\t\t\t\t\t\t\t\t<\/div>\n\n\t\t\t\t\t\t<\/div>\n\t\t\t\t\t<\/div>\n\t\t\t\t\t\t\t<\/div>\n\t\t\t\t\t\t<\/div>\n\t\t\t\t<\/div>\n\t\t\t\t\t<\/div>\n\t\t<\/div>\n\t\t\t\t<div class=\"elementor-column elementor-col-66 elementor-inner-column elementor-element elementor-element-f312a9c\" data-id=\"f312a9c\" data-element_type=\"column\">\n\t\t\t<div class=\"elementor-widget-wrap elementor-element-populated\">\n\t\t\t\t\t\t<div class=\"elementor-element elementor-element-e1dbdd7 elementor-widget elementor-widget-text-editor\" data-id=\"e1dbdd7\" data-element_type=\"widget\" data-widget_type=\"text-editor.default\">\n\t\t\t\t<div class=\"elementor-widget-container\">\n\t\t\t\t\t\t\t\t\t<p><span style=\"font-weight: 400;\">Nous avons con\u00e7u une application <\/span><b>Google AppSheet<\/b><span style=\"font-weight: 400;\"> permettant de digitaliser le processus, directement sur tablette :<\/span><\/p>\t\t\t\t\t\t\t\t<\/div>\n\t\t\t\t<\/div>\n\t\t\t\t<div class=\"elementor-element elementor-element-d26c359 maxcoach-list-layout-block elementor-invisible elementor-widget elementor-widget-tm-list\" data-id=\"d26c359\" data-element_type=\"widget\" data-settings=\"{&quot;_animation&quot;:&quot;maxcoachFadeInUp&quot;}\" data-widget_type=\"tm-list.default\">\n\t\t\t\t<div class=\"elementor-widget-container\">\n\t\t\t\t\t\t\t<div class=\"maxcoach-list\">\n\t\t\t\t\t\t\t\t<div class=\"item\">\n\n\t\t\t\t\t\t<div class=\"link\">\n\t\t\t\t\t\t<div class=\"list-header\">\n\t\t\t\t\t\t\t\t\t\t\t\t\t\t\t<div class=\"maxcoach-icon icon\"><i aria-hidden=\"true\" class=\"far fa-check\"><\/i><\/div>\t\t\t\t\t\t\t\n\t\t\t\t\t\t\t<div class=\"text-wrap\">\n\t\t\t\t\t\t\t\t\t\t\t\t\t\t\t\t\t<div class=\"text\">Saisie des mouvements de stock en temps r\u00e9el via un formulaire num\u00e9rique.<\/div>\n\t\t\t\t\t\t\t\t\t\t\t\t\t\t\t<\/div>\n\n\t\t\t\t\t\t\t\t\t\t\t\t\t<\/div>\n\n\t\t\t\t\t\t<\/div>\n\t\t\t\t\t<\/div>\n\t\t\t\t\t\t\t\t\t\t<div class=\"item\">\n\n\t\t\t\t\t\t<div class=\"link\">\n\t\t\t\t\t\t<div class=\"list-header\">\n\t\t\t\t\t\t\t\t\t\t\t\t\t\t\t<div class=\"maxcoach-icon icon\"><i aria-hidden=\"true\" class=\"far fa-check\"><\/i><\/div>\t\t\t\t\t\t\t\n\t\t\t\t\t\t\t<div class=\"text-wrap\">\n\t\t\t\t\t\t\t\t\t\t\t\t\t\t\t\t\t<div class=\"text\">Synchronisation instantan\u00e9e des donn\u00e9es avec le service administratif et la facturation.<\/div>\n\t\t\t\t\t\t\t\t\t\t\t\t\t\t\t<\/div>\n\n\t\t\t\t\t\t\t\t\t\t\t\t\t<\/div>\n\n\t\t\t\t\t\t<\/div>\n\t\t\t\t\t<\/div>\n\t\t\t\t\t\t\t\t\t\t<div class=\"item\">\n\n\t\t\t\t\t\t<div class=\"link\">\n\t\t\t\t\t\t<div class=\"list-header\">\n\t\t\t\t\t\t\t\t\t\t\t\t\t\t\t<div class=\"maxcoach-icon icon\"><i aria-hidden=\"true\" class=\"far fa-check\"><\/i><\/div>\t\t\t\t\t\t\t\n\t\t\t\t\t\t\t<div class=\"text-wrap\">\n\t\t\t\t\t\t\t\t\t\t\t\t\t\t\t\t\t<div class=\"text\">Interface simple et intuitive, fid\u00e8le au formulaire papier pour minimiser la r\u00e9sistance au changement.<\/div>\n\t\t\t\t\t\t\t\t\t\t\t\t\t\t\t<\/div>\n\n\t\t\t\t\t\t\t\t\t\t\t\t\t<\/div>\n\n\t\t\t\t\t\t<\/div>\n\t\t\t\t\t<\/div>\n\t\t\t\t\t\t\t\t\t\t<div class=\"item\">\n\n\t\t\t\t\t\t<div class=\"link\">\n\t\t\t\t\t\t<div class=\"list-header\">\n\t\t\t\t\t\t\t\t\t\t\t\t\t\t\t<div class=\"maxcoach-icon icon\"><i aria-hidden=\"true\" class=\"far fa-check\"><\/i><\/div>\t\t\t\t\t\t\t\n\t\t\t\t\t\t\t<div class=\"text-wrap\">\n\t\t\t\t\t\t\t\t\t\t\t\t\t\t\t\t\t<div class=\"text\">Formation rapide des op\u00e9rateurs pour une adoption imm\u00e9diate.\n<\/div>\n\t\t\t\t\t\t\t\t\t\t\t\t\t\t\t<\/div>\n\n\t\t\t\t\t\t\t\t\t\t\t\t\t<\/div>\n\n\t\t\t\t\t\t<\/div>\n\t\t\t\t\t<\/div>\n\t\t\t\t\t\t\t<\/div>\n\t\t\t\t\t\t<\/div>\n\t\t\t\t<\/div>\n\t\t\t\t\t<\/div>\n\t\t<\/div>\n\t\t\t\t\t<\/div>\n\t\t<\/section>\n\t\t\t\t<section class=\"elementor-section elementor-inner-section elementor-element elementor-element-6e03b2e elementor-section-gap-beside-no elementor-section-boxed elementor-section-height-default elementor-section-height-default elementor-section-column-vertical-align-stretch\" data-id=\"6e03b2e\" data-element_type=\"section\">\n\t\t\t\t\t\t<div class=\"elementor-container elementor-column-gap-extended\">\n\t\t\t\t\t<div class=\"elementor-column elementor-col-33 elementor-inner-column elementor-element elementor-element-d304bca\" data-id=\"d304bca\" data-element_type=\"column\">\n\t\t\t<div class=\"elementor-widget-wrap elementor-element-populated\">\n\t\t\t\t\t\t<div class=\"elementor-element elementor-element-2f5174c maxcoach-list-layout-block elementor-invisible elementor-widget elementor-widget-tm-list\" data-id=\"2f5174c\" data-element_type=\"widget\" data-settings=\"{&quot;_animation&quot;:&quot;maxcoachFadeInUp&quot;}\" data-widget_type=\"tm-list.default\">\n\t\t\t\t<div class=\"elementor-widget-container\">\n\t\t\t\t\t\t\t<div class=\"maxcoach-list\">\n\t\t\t\t\t\t\t\t<div class=\"item\">\n\n\t\t\t\t\t\t<div class=\"link\">\n\t\t\t\t\t\t<div class=\"list-header\">\n\t\t\t\t\t\t\t\t\t\t\t\t\t\t\t<div class=\"maxcoach-icon icon\"><i aria-hidden=\"true\" class=\"far fa-long-arrow-right\"><\/i><\/div>\t\t\t\t\t\t\t\n\t\t\t\t\t\t\t<div class=\"text-wrap\">\n\t\t\t\t\t\t\t\t\t\t\t\t\t\t\t\t\t<div class=\"text\">R\u00e9sultats &amp; B\u00e9n\u00e9fices<\/div>\n\t\t\t\t\t\t\t\t\t\t\t\t\t\t\t<\/div>\n\n\t\t\t\t\t\t\t\t\t\t\t\t\t<\/div>\n\n\t\t\t\t\t\t<\/div>\n\t\t\t\t\t<\/div>\n\t\t\t\t\t\t\t<\/div>\n\t\t\t\t\t\t<\/div>\n\t\t\t\t<\/div>\n\t\t\t\t\t<\/div>\n\t\t<\/div>\n\t\t\t\t<div class=\"elementor-column elementor-col-66 elementor-inner-column elementor-element elementor-element-1e3da32\" data-id=\"1e3da32\" data-element_type=\"column\">\n\t\t\t<div class=\"elementor-widget-wrap elementor-element-populated\">\n\t\t\t\t\t\t<div class=\"elementor-element elementor-element-3cc5547 maxcoach-list-layout-block elementor-invisible elementor-widget elementor-widget-tm-list\" data-id=\"3cc5547\" data-element_type=\"widget\" data-settings=\"{&quot;_animation&quot;:&quot;maxcoachFadeInUp&quot;}\" data-widget_type=\"tm-list.default\">\n\t\t\t\t<div class=\"elementor-widget-container\">\n\t\t\t\t\t\t\t<div class=\"maxcoach-list\">\n\t\t\t\t\t\t\t\t<div class=\"item\">\n\n\t\t\t\t\t\t<div class=\"link\">\n\t\t\t\t\t\t<div class=\"list-header\">\n\t\t\t\t\t\t\t\t\t\t\t\t\t\t\t<div class=\"maxcoach-icon icon\"><i aria-hidden=\"true\" class=\"far fa-check\"><\/i><\/div>\t\t\t\t\t\t\t\n\t\t\t\t\t\t\t<div class=\"text-wrap\">\n\t\t\t\t\t\t\t\t\t\t\t\t\t\t\t\t\t<div class=\"text\">Z\u00e9ro papier : gain de temps et suppression des erreurs de ressaisie.<\/div>\n\t\t\t\t\t\t\t\t\t\t\t\t\t\t\t<\/div>\n\n\t\t\t\t\t\t\t\t\t\t\t\t\t<\/div>\n\n\t\t\t\t\t\t<\/div>\n\t\t\t\t\t<\/div>\n\t\t\t\t\t\t\t\t\t\t<div class=\"item\">\n\n\t\t\t\t\t\t<div class=\"link\">\n\t\t\t\t\t\t<div class=\"list-header\">\n\t\t\t\t\t\t\t\t\t\t\t\t\t\t\t<div class=\"maxcoach-icon icon\"><i aria-hidden=\"true\" class=\"far fa-check\"><\/i><\/div>\t\t\t\t\t\t\t\n\t\t\t\t\t\t\t<div class=\"text-wrap\">\n\t\t\t\t\t\t\t\t\t\t\t\t\t\t\t\t\t<div class=\"text\">Mise \u00e0 jour en temps r\u00e9el : suivi pr\u00e9cis des stocks et meilleure r\u00e9activit\u00e9.<\/div>\n\t\t\t\t\t\t\t\t\t\t\t\t\t\t\t<\/div>\n\n\t\t\t\t\t\t\t\t\t\t\t\t\t<\/div>\n\n\t\t\t\t\t\t<\/div>\n\t\t\t\t\t<\/div>\n\t\t\t\t\t\t\t\t\t\t<div class=\"item\">\n\n\t\t\t\t\t\t<div class=\"link\">\n\t\t\t\t\t\t<div class=\"list-header\">\n\t\t\t\t\t\t\t\t\t\t\t\t\t\t\t<div class=\"maxcoach-icon icon\"><i aria-hidden=\"true\" class=\"far fa-check\"><\/i><\/div>\t\t\t\t\t\t\t\n\t\t\t\t\t\t\t<div class=\"text-wrap\">\n\t\t\t\t\t\t\t\t\t\t\t\t\t\t\t\t\t<div class=\"text\">Fluidit\u00e9 administrative : facturation acc\u00e9l\u00e9r\u00e9e gr\u00e2ce \u00e0 la transmission instantan\u00e9e des donn\u00e9es.<\/div>\n\t\t\t\t\t\t\t\t\t\t\t\t\t\t\t<\/div>\n\n\t\t\t\t\t\t\t\t\t\t\t\t\t<\/div>\n\n\t\t\t\t\t\t<\/div>\n\t\t\t\t\t<\/div>\n\t\t\t\t\t\t\t\t\t\t<div class=\"item\">\n\n\t\t\t\t\t\t<div class=\"link\">\n\t\t\t\t\t\t<div class=\"list-header\">\n\t\t\t\t\t\t\t\t\t\t\t\t\t\t\t<div class=\"maxcoach-icon icon\"><i aria-hidden=\"true\" class=\"far fa-check\"><\/i><\/div>\t\t\t\t\t\t\t\n\t\t\t\t\t\t\t<div class=\"text-wrap\">\n\t\t\t\t\t\t\t\t\t\t\t\t\t\t\t\t\t<div class=\"text\">Adoption facilit\u00e9e : outil ergonomique bas\u00e9 sur un processus d\u00e9j\u00e0 connu des op\u00e9rateurs.<\/div>\n\t\t\t\t\t\t\t\t\t\t\t\t\t\t\t<\/div>\n\n\t\t\t\t\t\t\t\t\t\t\t\t\t<\/div>\n\n\t\t\t\t\t\t<\/div>\n\t\t\t\t\t<\/div>\n\t\t\t\t\t\t\t<\/div>\n\t\t\t\t\t\t<\/div>\n\t\t\t\t<\/div>\n\t\t\t\t<div class=\"elementor-element elementor-element-24e036b elementor-widget elementor-widget-text-editor\" data-id=\"24e036b\" data-element_type=\"widget\" data-widget_type=\"text-editor.default\">\n\t\t\t\t<div class=\"elementor-widget-container\">\n\t\t\t\t\t\t\t\t\t<p>\u00a0<\/p><p><span style=\"font-weight: 400;\">Gr\u00e2ce \u00e0 cette transition, l\u2019entreprise a modernis\u00e9 sa gestion des stocks tout en simplifiant le travail de ses \u00e9quipes.<\/span><\/p>\t\t\t\t\t\t\t\t<\/div>\n\t\t\t\t<\/div>\n\t\t\t\t\t<\/div>\n\t\t<\/div>\n\t\t\t\t\t<\/div>\n\t\t<\/section>\n\t\t\t\t\t<\/div>\n\t\t<\/div>\n\t\t\t\t\t<\/div>\n\t\t<\/section>\n\t\t<div class=\"elementor-element elementor-element-cafd3df e-flex e-con-boxed e-con e-parent\" data-id=\"cafd3df\" data-element_type=\"container\">\n\t\t\t\t\t<div class=\"e-con-inner\">\n\t\t\t\t<div class=\"elementor-element elementor-element-10be0c7 elementor-widget elementor-widget-text-editor\" data-id=\"10be0c7\" data-element_type=\"widget\" data-widget_type=\"text-editor.default\">\n\t\t\t\t<div class=\"elementor-widget-container\">\n\t\t\t\t\t\t\t\t\t<p><b>Et vous ?<\/b><span style=\"font-weight: 400;\"><br \/><br \/>Vous perdez encore du temps avec des documents papier ? Passez au num\u00e9rique et optimisez votre gestion logistique. Parlons-en ! <br \/><\/span><\/p>\t\t\t\t\t\t\t\t<\/div>\n\t\t\t\t<\/div>\n\t\t\t\t<div class=\"elementor-element elementor-element-3c3ff93 elementor-widget elementor-widget-button\" data-id=\"3c3ff93\" data-element_type=\"widget\" data-widget_type=\"button.default\">\n\t\t\t\t<div class=\"elementor-widget-container\">\n\t\t\t\t\t\t\t\t\t<div class=\"elementor-button-wrapper\">\n\t\t\t\t\t<a class=\"elementor-button elementor-button-link elementor-size-sm\" href=\"#contact\" contact=\"\">\n\t\t\t\t\t\t<span class=\"elementor-button-content-wrapper\">\n\t\t\t\t\t\t\t\t\t<span class=\"elementor-button-text\">Demander une d\u00e9mo<\/span>\n\t\t\t\t\t<\/span>\n\t\t\t\t\t<\/a>\n\t\t\t\t<\/div>\n\t\t\t\t\t\t\t\t<\/div>\n\t\t\t\t<\/div>\n\t\t\t\t<div class=\"elementor-element elementor-element-6d378a2 elementor-widget elementor-widget-spacer\" data-id=\"6d378a2\" data-element_type=\"widget\" data-widget_type=\"spacer.default\">\n\t\t\t\t<div class=\"elementor-widget-container\">\n\t\t\t\t\t\t\t<div class=\"elementor-spacer\">\n\t\t\t<div class=\"elementor-spacer-inner\"><\/div>\n\t\t<\/div>\n\t\t\t\t\t\t<\/div>\n\t\t\t\t<\/div>\n\t\t\t\t\t<\/div>\n\t\t\t\t<\/div>\n\t\t\t\t<section class=\"elementor-section elementor-top-section elementor-element elementor-element-3e756a1 elementor-section-boxed elementor-section-gap-beside-yes elementor-section-height-default elementor-section-height-default elementor-section-column-vertical-align-stretch\" data-id=\"3e756a1\" data-element_type=\"section\" data-settings=\"{&quot;background_background&quot;:&quot;classic&quot;}\">\n\t\t\t\t\t\t<div class=\"elementor-container elementor-column-gap-extended\">\n\t\t\t\t\t<div class=\"elementor-column elementor-col-100 elementor-top-column elementor-element elementor-element-27079e6\" data-id=\"27079e6\" data-element_type=\"column\">\n\t\t\t<div class=\"elementor-widget-wrap elementor-element-populated\">\n\t\t\t\t\t\t<div class=\"elementor-element elementor-element-2483b47 elementor-invisible elementor-widget elementor-widget-tm-heading\" data-id=\"2483b47\" data-element_type=\"widget\" data-settings=\"{&quot;_animation&quot;:&quot;maxcoachFadeInUp&quot;}\" data-widget_type=\"tm-heading.default\">\n\t\t\t\t<div class=\"elementor-widget-container\">\n\t\t\t\t\t\t\t<div class=\"tm-modern-heading\">\n\t\t\t\n\t\t\t\t\t<div class=\"heading-primary-wrap\">\n\t\t\t<h2 class=\"heading-primary elementor-heading-title\">L\u2019automatisation peut tout changer. <br>\nParlons-en !<\/h2>\t\t<\/div>\n\t\t\n\t\t\t\n\t\t\t\t\t<\/div>\n\t\t\t\t\t\t<\/div>\n\t\t\t\t<\/div>\n\t\t\t\t\t<\/div>\n\t\t<\/div>\n\t\t\t\t\t<\/div>\n\t\t<\/section>\n\t\t\t\t<\/div>\n\t\t","protected":false},"excerpt":{"rendered":"<p>Cas clients Digitalisation des stocks en logistiqueavec Google Calendar Fini les formulaires papier en logistique : une gestion de stock pr\u00e9cise, en temps r\u00e9el et administrativement simplifi\u00e9e. Contexte &amp; Probl\u00e9matique Dans le secteur de la logistique, la gestion des stocks repose encore souvent sur des formulaires papier. Par cons\u00e9quence : Saisie manuelle fastidieuse et source d\u2019erreurs. Manque de visibilit\u00e9 en temps r\u00e9el sur les entr\u00e9es et sorties de stock. D\u00e9lais de traitement longs pour la facturation et le suivi administratif. L\u2019enjeu \u00e9tait donc de remplacer ces formulaires papier par une solution num\u00e9rique, sans perturber les habitudes des op\u00e9rateurs. Solutions Nous avons con\u00e7u une application Google AppSheet permettant de digitaliser le processus, directement sur tablette : Saisie des mouvements de stock en temps r\u00e9el via un formulaire num\u00e9rique. Synchronisation instantan\u00e9e des donn\u00e9es avec le service administratif et la facturation. Interface simple et intuitive, fid\u00e8le au formulaire papier pour minimiser la r\u00e9sistance au changement. Formation rapide des op\u00e9rateurs pour une adoption imm\u00e9diate. R\u00e9sultats &amp; B\u00e9n\u00e9fices Z\u00e9ro papier : gain de temps et suppression des erreurs de ressaisie. Mise \u00e0 jour en temps r\u00e9el : suivi pr\u00e9cis des stocks et meilleure r\u00e9activit\u00e9. Fluidit\u00e9 administrative : facturation acc\u00e9l\u00e9r\u00e9e gr\u00e2ce \u00e0 la transmission instantan\u00e9e des donn\u00e9es. Adoption facilit\u00e9e : outil ergonomique bas\u00e9 sur un processus d\u00e9j\u00e0 connu des op\u00e9rateurs. \u00a0 Gr\u00e2ce \u00e0 cette transition, l\u2019entreprise a modernis\u00e9 sa gestion des stocks tout en simplifiant le travail de ses \u00e9quipes. Et vous ? Vous perdez encore du temps avec des documents papier ? Passez au num\u00e9rique et optimisez votre gestion logistique. Parlons-en ! Demander une d\u00e9mo L\u2019automatisation peut tout changer. Parlons-en !<\/p>\n","protected":false},"author":1,"featured_media":0,"parent":0,"menu_order":0,"comment_status":"closed","ping_status":"closed","template":"","meta":{"footnotes":""},"class_list":["post-6239","page","type-page","status-publish","hentry","post-no-thumbnail"],"_links":{"self":[{"href":"https:\/\/simonfaure.fr\/index.php\/wp-json\/wp\/v2\/pages\/6239","targetHints":{"allow":["GET"]}}],"collection":[{"href":"https:\/\/simonfaure.fr\/index.php\/wp-json\/wp\/v2\/pages"}],"about":[{"href":"https:\/\/simonfaure.fr\/index.php\/wp-json\/wp\/v2\/types\/page"}],"author":[{"embeddable":true,"href":"https:\/\/simonfaure.fr\/index.php\/wp-json\/wp\/v2\/users\/1"}],"replies":[{"embeddable":true,"href":"https:\/\/simonfaure.fr\/index.php\/wp-json\/wp\/v2\/comments?post=6239"}],"version-history":[{"count":36,"href":"https:\/\/simonfaure.fr\/index.php\/wp-json\/wp\/v2\/pages\/6239\/revisions"}],"predecessor-version":[{"id":6632,"href":"https:\/\/simonfaure.fr\/index.php\/wp-json\/wp\/v2\/pages\/6239\/revisions\/6632"}],"wp:attachment":[{"href":"https:\/\/simonfaure.fr\/index.php\/wp-json\/wp\/v2\/media?parent=6239"}],"curies":[{"name":"wp","href":"https:\/\/api.w.org\/{rel}","templated":true}]}}