{"id":6305,"date":"2025-05-27T10:25:31","date_gmt":"2025-05-27T08:25:31","guid":{"rendered":"https:\/\/simonfaure.fr\/?page_id=6305"},"modified":"2025-06-13T15:42:03","modified_gmt":"2025-06-13T13:42:03","slug":"une-infrastructure-digitale-performante","status":"publish","type":"page","link":"https:\/\/simonfaure.fr\/index.php\/une-infrastructure-digitale-performante\/","title":{"rendered":"Une infrastructure digitale performante"},"content":{"rendered":"\t\t<div data-elementor-type=\"wp-page\" data-elementor-id=\"6305\" class=\"elementor elementor-6305\">\n\t\t\t\t\t\t<section class=\"elementor-section elementor-top-section elementor-element elementor-element-2cf0b12 elementor-section-stretched elementor-section-boxed elementor-section-gap-beside-yes elementor-section-height-default elementor-section-height-default elementor-section-column-vertical-align-stretch\" data-id=\"2cf0b12\" data-element_type=\"section\" data-settings=\"{&quot;stretch_section&quot;:&quot;section-stretched&quot;,&quot;background_background&quot;:&quot;classic&quot;,&quot;shape_divider_bottom&quot;:&quot;center-curve&quot;,&quot;shape_divider_bottom_negative&quot;:&quot;yes&quot;}\">\n\t\t\t\t\t<div class=\"elementor-shape elementor-shape-bottom\" data-negative=\"true\">\n\t\t\t<svg xmlns=\"http:\/\/www.w3.org\/2000\/svg\" viewBox=\"0 0 100 100\" preserveAspectRatio=\"none\" height=\"100\">\n\t<path class=\"elementor-shape-fill\" d=\"M 0 0 L0 100 L100 100 L100 0 Q 50 200 0 0\" \/>\n<\/svg>\n\t\t<\/div>\n\t\t\t\t\t<div class=\"elementor-container elementor-column-gap-extended\">\n\t\t\t\t\t<div class=\"elementor-column elementor-col-100 elementor-top-column elementor-element elementor-element-9f8dc86\" data-id=\"9f8dc86\" data-element_type=\"column\">\n\t\t\t<div class=\"elementor-widget-wrap elementor-element-populated\">\n\t\t\t\t\t\t<div class=\"elementor-element elementor-element-1166234 elementor-invisible elementor-widget elementor-widget-tm-heading\" data-id=\"1166234\" data-element_type=\"widget\" data-settings=\"{&quot;_animation&quot;:&quot;maxcoachFadeInUp&quot;}\" data-widget_type=\"tm-heading.default\">\n\t\t\t\t<div class=\"elementor-widget-container\">\n\t\t\t\t\t\t\t<div class=\"tm-modern-heading\">\n\t\t\t\t\t<div class=\"heading-secondary-wrap\">\n\t\t\t<h3 class=\"heading-secondary elementor-heading-title\">Cas clients<\/h3>\t\t<\/div>\n\t\t\n\t\t\t\t\t<div class=\"heading-primary-wrap\">\n\t\t\t<h2 class=\"heading-primary elementor-heading-title\">Ma\u00eetrise des co\u00fbts avec une solution <br> digitale \u00e9volutive dans une menuiserie\n\n<\/h2>\t\t<\/div>\n\t\t\n\t\t\t\n\t\t\t\t\t<\/div>\n\t\t\t\t\t\t<\/div>\n\t\t\t\t<\/div>\n\t\t\t\t\t<\/div>\n\t\t<\/div>\n\t\t\t\t\t<\/div>\n\t\t<\/section>\n\t\t\t\t<section class=\"elementor-section elementor-top-section elementor-element elementor-element-d3cf750 elementor-section-boxed elementor-section-gap-beside-yes elementor-section-height-default elementor-section-height-default elementor-section-column-vertical-align-stretch\" data-id=\"d3cf750\" data-element_type=\"section\">\n\t\t\t\t\t\t<div class=\"elementor-container elementor-column-gap-extended\">\n\t\t\t\t\t<div class=\"elementor-column elementor-col-50 elementor-top-column elementor-element elementor-element-3ee0422 elementor-invisible\" data-id=\"3ee0422\" data-element_type=\"column\" data-settings=\"{&quot;animation&quot;:&quot;maxcoachFadeInUp&quot;}\">\n\t\t\t<div class=\"elementor-widget-wrap elementor-element-populated\">\n\t\t\t\t\t\t<div class=\"elementor-element elementor-element-027388a elementor-view-default elementor-widget elementor-widget-icon\" data-id=\"027388a\" data-element_type=\"widget\" data-widget_type=\"icon.default\">\n\t\t\t\t<div class=\"elementor-widget-container\">\n\t\t\t\t\t\t\t<div class=\"elementor-icon-wrapper\">\n\t\t\t<div class=\"elementor-icon\">\n\t\t\t<i aria-hidden=\"true\" class=\"fa-regular fa-tree-deciduous\"><\/i>\t\t\t<\/div>\n\t\t<\/div>\n\t\t\t\t\t\t<\/div>\n\t\t\t\t<\/div>\n\t\t\t\t<div class=\"elementor-element elementor-element-8a3afc5 elementor-widget elementor-widget-tm-heading\" data-id=\"8a3afc5\" data-element_type=\"widget\" data-widget_type=\"tm-heading.default\">\n\t\t\t\t<div class=\"elementor-widget-container\">\n\t\t\t\t\t\t\t<div class=\"tm-modern-heading\">\n\t\t\t\n\t\t\t\t\t<div class=\"heading-primary-wrap\">\n\t\t\t<h2 class=\"heading-primary elementor-heading-title\">Votre <mark>PME<\/mark> : des outils num\u00e9riques collaboratifs et \u00e9volutifs, performants et enfin \u00e9conomiquement accessibles.<\/h2>\t\t<\/div>\n\t\t\n\t\t\t\n\t\t\t\t\t<\/div>\n\t\t\t\t\t\t<\/div>\n\t\t\t\t<\/div>\n\t\t\t\t\t<\/div>\n\t\t<\/div>\n\t\t\t\t<div class=\"elementor-column elementor-col-50 elementor-top-column elementor-element elementor-element-50c0f00 elementor-invisible\" data-id=\"50c0f00\" data-element_type=\"column\" data-settings=\"{&quot;animation&quot;:&quot;maxcoachFadeInUp&quot;}\">\n\t\t\t<div class=\"elementor-widget-wrap elementor-element-populated\">\n\t\t\t\t\t\t<div class=\"elementor-element elementor-element-d79f698 elementor-widget elementor-widget-text-editor\" data-id=\"d79f698\" data-element_type=\"widget\" data-widget_type=\"text-editor.default\">\n\t\t\t\t<div class=\"elementor-widget-container\">\n\t\t\t\t\t\t\t\t\t<p><strong>Contexte &amp; Probl\u00e9matique<\/strong><\/p><p><span style=\"font-weight: 400;\">Dans le secteur de la <\/span><b>menuiserie<\/b><span style=\"font-weight: 400;\">, les entreprises ont besoin d\u2019un environnement num\u00e9rique <\/span><b>fiable, collaboratif et \u00e9volutif<\/b><span style=\"font-weight: 400;\">, tout en restant <\/span><b>abordable<\/b><span style=\"font-weight: 400;\">. Les principales difficult\u00e9s rencontr\u00e9es \u00e9taient :<\/span><\/p><ul><li><b>Solutions informatiques trop complexes ou co\u00fbteuses<\/b><span style=\"font-weight: 400;\"> pour une PME artisanale.<\/span><\/li><li><b>Manque d\u2019outils collaboratifs<\/b><span style=\"font-weight: 400;\"> pour fluidifier la gestion des projets et documents.<\/span><\/li><li><b>Besoin d\u2019une solution \u00e9volutive<\/b><span style=\"font-weight: 400;\">, sans devoir r\u00e9investir constamment dans des logiciels lourds.<\/span><\/li><\/ul><p><span style=\"font-weight: 400;\">L\u2019objectif \u00e9tait donc de <\/span><b>mettre en place une infrastructure digitale performante<\/b><span style=\"font-weight: 400;\">, tout en ma\u00eetrisant les co\u00fbts.<\/span><\/p>\t\t\t\t\t\t\t\t<\/div>\n\t\t\t\t<\/div>\n\t\t\t\t\t<\/div>\n\t\t<\/div>\n\t\t\t\t\t<\/div>\n\t\t<\/section>\n\t\t<div class=\"elementor-element elementor-element-782dd75 e-flex e-con-boxed e-con e-parent\" data-id=\"782dd75\" data-element_type=\"container\">\n\t\t\t\t\t<div class=\"e-con-inner\">\n\t\t\t\t<div class=\"elementor-element elementor-element-0893875 elementor-widget elementor-widget-image\" data-id=\"0893875\" data-element_type=\"widget\" data-widget_type=\"image.default\">\n\t\t\t\t<div class=\"elementor-widget-container\">\n\t\t\t\t\t\t\t\t\t\t\t\t\t\t\t<img fetchpriority=\"high\" decoding=\"async\" width=\"640\" height=\"464\" src=\"https:\/\/simonfaure.fr\/wp-content\/uploads\/2025\/06\/7_SimonFaur_CasClient.png\" class=\"attachment-large size-large wp-image-6380\" alt=\"\" srcset=\"https:\/\/simonfaure.fr\/wp-content\/uploads\/2025\/06\/7_SimonFaur_CasClient.png 1000w, https:\/\/simonfaure.fr\/wp-content\/uploads\/2025\/06\/7_SimonFaur_CasClient-300x218.png 300w, https:\/\/simonfaure.fr\/wp-content\/uploads\/2025\/06\/7_SimonFaur_CasClient-768x557.png 768w, https:\/\/simonfaure.fr\/wp-content\/uploads\/2025\/06\/7_SimonFaur_CasClient-600x435.png 600w\" sizes=\"(max-width: 640px) 100vw, 640px\" \/>\t\t\t\t\t\t\t\t\t\t\t\t\t\t\t<\/div>\n\t\t\t\t<\/div>\n\t\t\t\t\t<\/div>\n\t\t\t\t<\/div>\n\t\t\t\t<section class=\"elementor-section elementor-top-section elementor-element elementor-element-35862b4 elementor-section-boxed elementor-section-gap-beside-yes elementor-section-height-default elementor-section-height-default elementor-section-column-vertical-align-stretch\" data-id=\"35862b4\" data-element_type=\"section\">\n\t\t\t\t\t\t<div class=\"elementor-container elementor-column-gap-extended\">\n\t\t\t\t\t<div class=\"elementor-column elementor-col-100 elementor-top-column elementor-element elementor-element-68e82a7\" data-id=\"68e82a7\" data-element_type=\"column\">\n\t\t\t<div class=\"elementor-widget-wrap elementor-element-populated\">\n\t\t\t\t\t\t<section class=\"elementor-section elementor-inner-section elementor-element elementor-element-1354546 elementor-section-gap-beside-no elementor-section-boxed elementor-section-height-default elementor-section-height-default elementor-section-column-vertical-align-stretch\" data-id=\"1354546\" data-element_type=\"section\">\n\t\t\t\t\t\t<div class=\"elementor-container elementor-column-gap-extended\">\n\t\t\t\t\t<div class=\"elementor-column elementor-col-33 elementor-inner-column elementor-element elementor-element-0255beb\" data-id=\"0255beb\" data-element_type=\"column\">\n\t\t\t<div class=\"elementor-widget-wrap elementor-element-populated\">\n\t\t\t\t\t\t<div class=\"elementor-element elementor-element-650efde maxcoach-list-layout-block elementor-invisible elementor-widget elementor-widget-tm-list\" data-id=\"650efde\" data-element_type=\"widget\" data-settings=\"{&quot;_animation&quot;:&quot;maxcoachFadeInUp&quot;}\" data-widget_type=\"tm-list.default\">\n\t\t\t\t<div class=\"elementor-widget-container\">\n\t\t\t\t\t\t\t<div class=\"maxcoach-list\">\n\t\t\t\t\t\t\t\t<div class=\"item\">\n\n\t\t\t\t\t\t<div class=\"link\">\n\t\t\t\t\t\t<div class=\"list-header\">\n\t\t\t\t\t\t\t\t\t\t\t\t\t\t\t<div class=\"maxcoach-icon icon\"><i aria-hidden=\"true\" class=\"far fa-long-arrow-right\"><\/i><\/div>\t\t\t\t\t\t\t\n\t\t\t\t\t\t\t<div class=\"text-wrap\">\n\t\t\t\t\t\t\t\t\t\t\t\t\t\t\t\t\t<div class=\"text\">Solutions<\/div>\n\t\t\t\t\t\t\t\t\t\t\t\t\t\t\t<\/div>\n\n\t\t\t\t\t\t\t\t\t\t\t\t\t<\/div>\n\n\t\t\t\t\t\t<\/div>\n\t\t\t\t\t<\/div>\n\t\t\t\t\t\t\t<\/div>\n\t\t\t\t\t\t<\/div>\n\t\t\t\t<\/div>\n\t\t\t\t\t<\/div>\n\t\t<\/div>\n\t\t\t\t<div class=\"elementor-column elementor-col-66 elementor-inner-column elementor-element elementor-element-f312a9c\" data-id=\"f312a9c\" data-element_type=\"column\">\n\t\t\t<div class=\"elementor-widget-wrap elementor-element-populated\">\n\t\t\t\t\t\t<div class=\"elementor-element elementor-element-e1dbdd7 elementor-widget elementor-widget-text-editor\" data-id=\"e1dbdd7\" data-element_type=\"widget\" data-widget_type=\"text-editor.default\">\n\t\t\t\t<div class=\"elementor-widget-container\">\n\t\t\t\t\t\t\t\t\t<p><span style=\"font-weight: 400;\">Nous avons d\u00e9ploy\u00e9 <\/span><b>Google Workspace et Google Cloud<\/b><span style=\"font-weight: 400;\">, en param\u00e9trant les outils selon les besoins sp\u00e9cifiques de l\u2019entreprise :<\/span><\/p>\t\t\t\t\t\t\t\t<\/div>\n\t\t\t\t<\/div>\n\t\t\t\t<div class=\"elementor-element elementor-element-d26c359 maxcoach-list-layout-block elementor-invisible elementor-widget elementor-widget-tm-list\" data-id=\"d26c359\" data-element_type=\"widget\" data-settings=\"{&quot;_animation&quot;:&quot;maxcoachFadeInUp&quot;}\" data-widget_type=\"tm-list.default\">\n\t\t\t\t<div class=\"elementor-widget-container\">\n\t\t\t\t\t\t\t<div class=\"maxcoach-list\">\n\t\t\t\t\t\t\t\t<div class=\"item\">\n\n\t\t\t\t\t\t<div class=\"link\">\n\t\t\t\t\t\t<div class=\"list-header\">\n\t\t\t\t\t\t\t\t\t\t\t\t\t\t\t<div class=\"maxcoach-icon icon\"><i aria-hidden=\"true\" class=\"far fa-check\"><\/i><\/div>\t\t\t\t\t\t\t\n\t\t\t\t\t\t\t<div class=\"text-wrap\">\n\t\t\t\t\t\t\t\t\t\t\t\t\t\t\t\t\t<div class=\"text\">Mise en place de Google Workspace (Drive, Docs, Sheets, Slides) pour une collaboration efficace.<\/div>\n\t\t\t\t\t\t\t\t\t\t\t\t\t\t\t<\/div>\n\n\t\t\t\t\t\t\t\t\t\t\t\t\t<\/div>\n\n\t\t\t\t\t\t<\/div>\n\t\t\t\t\t<\/div>\n\t\t\t\t\t\t\t\t\t\t<div class=\"item\">\n\n\t\t\t\t\t\t<div class=\"link\">\n\t\t\t\t\t\t<div class=\"list-header\">\n\t\t\t\t\t\t\t\t\t\t\t\t\t\t\t<div class=\"maxcoach-icon icon\"><i aria-hidden=\"true\" class=\"far fa-check\"><\/i><\/div>\t\t\t\t\t\t\t\n\t\t\t\t\t\t\t<div class=\"text-wrap\">\n\t\t\t\t\t\t\t\t\t\t\t\t\t\t\t\t\t<div class=\"text\">Utilisation de Google Cloud (BigQuery, Looker Studio) pour centraliser et analyser les donn\u00e9es.<\/div>\n\t\t\t\t\t\t\t\t\t\t\t\t\t\t\t<\/div>\n\n\t\t\t\t\t\t\t\t\t\t\t\t\t<\/div>\n\n\t\t\t\t\t\t<\/div>\n\t\t\t\t\t<\/div>\n\t\t\t\t\t\t\t\t\t\t<div class=\"item\">\n\n\t\t\t\t\t\t<div class=\"link\">\n\t\t\t\t\t\t<div class=\"list-header\">\n\t\t\t\t\t\t\t\t\t\t\t\t\t\t\t<div class=\"maxcoach-icon icon\"><i aria-hidden=\"true\" class=\"far fa-check\"><\/i><\/div>\t\t\t\t\t\t\t\n\t\t\t\t\t\t\t<div class=\"text-wrap\">\n\t\t\t\t\t\t\t\t\t\t\t\t\t\t\t\t\t<div class=\"text\">D\u00e9veloppement d\u2019applications m\u00e9tier avec AppSheet, sans besoin de coder.<\/div>\n\t\t\t\t\t\t\t\t\t\t\t\t\t\t\t<\/div>\n\n\t\t\t\t\t\t\t\t\t\t\t\t\t<\/div>\n\n\t\t\t\t\t\t<\/div>\n\t\t\t\t\t<\/div>\n\t\t\t\t\t\t\t\t\t\t<div class=\"item\">\n\n\t\t\t\t\t\t<div class=\"link\">\n\t\t\t\t\t\t<div class=\"list-header\">\n\t\t\t\t\t\t\t\t\t\t\t\t\t\t\t<div class=\"maxcoach-icon icon\"><i aria-hidden=\"true\" class=\"far fa-check\"><\/i><\/div>\t\t\t\t\t\t\t\n\t\t\t\t\t\t\t<div class=\"text-wrap\">\n\t\t\t\t\t\t\t\t\t\t\t\t\t\t\t\t\t<div class=\"text\">Solution \u00e9volutive et s\u00e9curis\u00e9e, sans infrastructure \u00e0 g\u00e9rer.<\/div>\n\t\t\t\t\t\t\t\t\t\t\t\t\t\t\t<\/div>\n\n\t\t\t\t\t\t\t\t\t\t\t\t\t<\/div>\n\n\t\t\t\t\t\t<\/div>\n\t\t\t\t\t<\/div>\n\t\t\t\t\t\t\t<\/div>\n\t\t\t\t\t\t<\/div>\n\t\t\t\t<\/div>\n\t\t\t\t\t<\/div>\n\t\t<\/div>\n\t\t\t\t\t<\/div>\n\t\t<\/section>\n\t\t\t\t<section class=\"elementor-section elementor-inner-section elementor-element elementor-element-6e03b2e elementor-section-gap-beside-no elementor-section-boxed elementor-section-height-default elementor-section-height-default elementor-section-column-vertical-align-stretch\" data-id=\"6e03b2e\" data-element_type=\"section\">\n\t\t\t\t\t\t<div class=\"elementor-container elementor-column-gap-extended\">\n\t\t\t\t\t<div class=\"elementor-column elementor-col-33 elementor-inner-column elementor-element elementor-element-d304bca\" data-id=\"d304bca\" data-element_type=\"column\">\n\t\t\t<div class=\"elementor-widget-wrap elementor-element-populated\">\n\t\t\t\t\t\t<div class=\"elementor-element elementor-element-2f5174c maxcoach-list-layout-block elementor-invisible elementor-widget elementor-widget-tm-list\" data-id=\"2f5174c\" data-element_type=\"widget\" data-settings=\"{&quot;_animation&quot;:&quot;maxcoachFadeInUp&quot;}\" data-widget_type=\"tm-list.default\">\n\t\t\t\t<div class=\"elementor-widget-container\">\n\t\t\t\t\t\t\t<div class=\"maxcoach-list\">\n\t\t\t\t\t\t\t\t<div class=\"item\">\n\n\t\t\t\t\t\t<div class=\"link\">\n\t\t\t\t\t\t<div class=\"list-header\">\n\t\t\t\t\t\t\t\t\t\t\t\t\t\t\t<div class=\"maxcoach-icon icon\"><i aria-hidden=\"true\" class=\"far fa-long-arrow-right\"><\/i><\/div>\t\t\t\t\t\t\t\n\t\t\t\t\t\t\t<div class=\"text-wrap\">\n\t\t\t\t\t\t\t\t\t\t\t\t\t\t\t\t\t<div class=\"text\">R\u00e9sultats &amp; B\u00e9n\u00e9fices<\/div>\n\t\t\t\t\t\t\t\t\t\t\t\t\t\t\t<\/div>\n\n\t\t\t\t\t\t\t\t\t\t\t\t\t<\/div>\n\n\t\t\t\t\t\t<\/div>\n\t\t\t\t\t<\/div>\n\t\t\t\t\t\t\t<\/div>\n\t\t\t\t\t\t<\/div>\n\t\t\t\t<\/div>\n\t\t\t\t\t<\/div>\n\t\t<\/div>\n\t\t\t\t<div class=\"elementor-column elementor-col-66 elementor-inner-column elementor-element elementor-element-1e3da32\" data-id=\"1e3da32\" data-element_type=\"column\">\n\t\t\t<div class=\"elementor-widget-wrap elementor-element-populated\">\n\t\t\t\t\t\t<div class=\"elementor-element elementor-element-3cc5547 maxcoach-list-layout-block elementor-invisible elementor-widget elementor-widget-tm-list\" data-id=\"3cc5547\" data-element_type=\"widget\" data-settings=\"{&quot;_animation&quot;:&quot;maxcoachFadeInUp&quot;}\" data-widget_type=\"tm-list.default\">\n\t\t\t\t<div class=\"elementor-widget-container\">\n\t\t\t\t\t\t\t<div class=\"maxcoach-list\">\n\t\t\t\t\t\t\t\t<div class=\"item\">\n\n\t\t\t\t\t\t<div class=\"link\">\n\t\t\t\t\t\t<div class=\"list-header\">\n\t\t\t\t\t\t\t\t\t\t\t\t\t\t\t<div class=\"maxcoach-icon icon\"><i aria-hidden=\"true\" class=\"far fa-check\"><\/i><\/div>\t\t\t\t\t\t\t\n\t\t\t\t\t\t\t<div class=\"text-wrap\">\n\t\t\t\t\t\t\t\t\t\t\t\t\t\t\t\t\t<div class=\"text\">Ma\u00eetrise des co\u00fbts : une solution compl\u00e8te \u00e0 un prix comp\u00e9titif.\n<\/div>\n\t\t\t\t\t\t\t\t\t\t\t\t\t\t\t<\/div>\n\n\t\t\t\t\t\t\t\t\t\t\t\t\t<\/div>\n\n\t\t\t\t\t\t<\/div>\n\t\t\t\t\t<\/div>\n\t\t\t\t\t\t\t\t\t\t<div class=\"item\">\n\n\t\t\t\t\t\t<div class=\"link\">\n\t\t\t\t\t\t<div class=\"list-header\">\n\t\t\t\t\t\t\t\t\t\t\t\t\t\t\t<div class=\"maxcoach-icon icon\"><i aria-hidden=\"true\" class=\"far fa-check\"><\/i><\/div>\t\t\t\t\t\t\t\n\t\t\t\t\t\t\t<div class=\"text-wrap\">\n\t\t\t\t\t\t\t\t\t\t\t\t\t\t\t\t\t<div class=\"text\">Collaboration optimis\u00e9e : acc\u00e8s aux fichiers en temps r\u00e9el, partage simplifi\u00e9.<\/div>\n\t\t\t\t\t\t\t\t\t\t\t\t\t\t\t<\/div>\n\n\t\t\t\t\t\t\t\t\t\t\t\t\t<\/div>\n\n\t\t\t\t\t\t<\/div>\n\t\t\t\t\t<\/div>\n\t\t\t\t\t\t\t\t\t\t<div class=\"item\">\n\n\t\t\t\t\t\t<div class=\"link\">\n\t\t\t\t\t\t<div class=\"list-header\">\n\t\t\t\t\t\t\t\t\t\t\t\t\t\t\t<div class=\"maxcoach-icon icon\"><i aria-hidden=\"true\" class=\"far fa-check\"><\/i><\/div>\t\t\t\t\t\t\t\n\t\t\t\t\t\t\t<div class=\"text-wrap\">\n\t\t\t\t\t\t\t\t\t\t\t\t\t\t\t\t\t<div class=\"text\">\u00c9volutivit\u00e9 garantie : des outils qui s\u2019adaptent \u00e0 la croissance de l\u2019entreprise.\n<\/div>\n\t\t\t\t\t\t\t\t\t\t\t\t\t\t\t<\/div>\n\n\t\t\t\t\t\t\t\t\t\t\t\t\t<\/div>\n\n\t\t\t\t\t\t<\/div>\n\t\t\t\t\t<\/div>\n\t\t\t\t\t\t\t\t\t\t<div class=\"item\">\n\n\t\t\t\t\t\t<div class=\"link\">\n\t\t\t\t\t\t<div class=\"list-header\">\n\t\t\t\t\t\t\t\t\t\t\t\t\t\t\t<div class=\"maxcoach-icon icon\"><i aria-hidden=\"true\" class=\"far fa-check\"><\/i><\/div>\t\t\t\t\t\t\t\n\t\t\t\t\t\t\t<div class=\"text-wrap\">\n\t\t\t\t\t\t\t\t\t\t\t\t\t\t\t\t\t<div class=\"text\">S\u00e9curit\u00e9 des donn\u00e9es : stockage cloud prot\u00e9g\u00e9, avec contr\u00f4le des acc\u00e8s.<\/div>\n\t\t\t\t\t\t\t\t\t\t\t\t\t\t\t<\/div>\n\n\t\t\t\t\t\t\t\t\t\t\t\t\t<\/div>\n\n\t\t\t\t\t\t<\/div>\n\t\t\t\t\t<\/div>\n\t\t\t\t\t\t\t<\/div>\n\t\t\t\t\t\t<\/div>\n\t\t\t\t<\/div>\n\t\t\t\t<div class=\"elementor-element elementor-element-24e036b elementor-widget elementor-widget-text-editor\" data-id=\"24e036b\" data-element_type=\"widget\" data-widget_type=\"text-editor.default\">\n\t\t\t\t<div class=\"elementor-widget-container\">\n\t\t\t\t\t\t\t\t\t<p><span style=\"font-weight: 400;\">Gr\u00e2ce \u00e0 cette transition, l\u2019entreprise dispose d\u2019une <\/span><b>solution informatique moderne et performante<\/b><span style=\"font-weight: 400;\">, qui lui permet d\u2019<\/span><b>optimiser son organisation sans exploser son budget<\/b><span style=\"font-weight: 400;\">.<\/span><\/p>\t\t\t\t\t\t\t\t<\/div>\n\t\t\t\t<\/div>\n\t\t\t\t\t<\/div>\n\t\t<\/div>\n\t\t\t\t\t<\/div>\n\t\t<\/section>\n\t\t\t\t\t<\/div>\n\t\t<\/div>\n\t\t\t\t\t<\/div>\n\t\t<\/section>\n\t\t<div class=\"elementor-element elementor-element-cafd3df e-flex e-con-boxed e-con e-parent\" data-id=\"cafd3df\" data-element_type=\"container\">\n\t\t\t\t\t<div class=\"e-con-inner\">\n\t\t\t\t<div class=\"elementor-element elementor-element-10be0c7 elementor-widget elementor-widget-text-editor\" data-id=\"10be0c7\" data-element_type=\"widget\" data-widget_type=\"text-editor.default\">\n\t\t\t\t<div class=\"elementor-widget-container\">\n\t\t\t\t\t\t\t\t\t<p><b>Et vous ?<\/b><\/p><p><span style=\"font-weight: 400;\">Vous cherchez une solution pro, \u00e9volutive et abordable ? Passez au cloud sans exploser votre budget. Parlons-en ! <\/span><\/p>\t\t\t\t\t\t\t\t<\/div>\n\t\t\t\t<\/div>\n\t\t\t\t<div class=\"elementor-element elementor-element-3c3ff93 elementor-widget elementor-widget-button\" data-id=\"3c3ff93\" data-element_type=\"widget\" data-widget_type=\"button.default\">\n\t\t\t\t<div class=\"elementor-widget-container\">\n\t\t\t\t\t\t\t\t\t<div class=\"elementor-button-wrapper\">\n\t\t\t\t\t<a class=\"elementor-button elementor-button-link elementor-size-sm\" href=\"#contact\" contact=\"\">\n\t\t\t\t\t\t<span class=\"elementor-button-content-wrapper\">\n\t\t\t\t\t\t\t\t\t<span class=\"elementor-button-text\">Demander une d\u00e9mo<\/span>\n\t\t\t\t\t<\/span>\n\t\t\t\t\t<\/a>\n\t\t\t\t<\/div>\n\t\t\t\t\t\t\t\t<\/div>\n\t\t\t\t<\/div>\n\t\t\t\t<div class=\"elementor-element elementor-element-6d378a2 elementor-widget elementor-widget-spacer\" data-id=\"6d378a2\" data-element_type=\"widget\" data-widget_type=\"spacer.default\">\n\t\t\t\t<div class=\"elementor-widget-container\">\n\t\t\t\t\t\t\t<div class=\"elementor-spacer\">\n\t\t\t<div class=\"elementor-spacer-inner\"><\/div>\n\t\t<\/div>\n\t\t\t\t\t\t<\/div>\n\t\t\t\t<\/div>\n\t\t\t\t\t<\/div>\n\t\t\t\t<\/div>\n\t\t\t\t<section class=\"elementor-section elementor-top-section elementor-element elementor-element-3e756a1 elementor-section-boxed elementor-section-gap-beside-yes elementor-section-height-default elementor-section-height-default elementor-section-column-vertical-align-stretch\" data-id=\"3e756a1\" data-element_type=\"section\" data-settings=\"{&quot;background_background&quot;:&quot;classic&quot;}\">\n\t\t\t\t\t\t<div class=\"elementor-container elementor-column-gap-extended\">\n\t\t\t\t\t<div class=\"elementor-column elementor-col-100 elementor-top-column elementor-element elementor-element-27079e6\" data-id=\"27079e6\" data-element_type=\"column\">\n\t\t\t<div class=\"elementor-widget-wrap elementor-element-populated\">\n\t\t\t\t\t\t<div class=\"elementor-element elementor-element-2483b47 elementor-invisible elementor-widget elementor-widget-tm-heading\" data-id=\"2483b47\" data-element_type=\"widget\" data-settings=\"{&quot;_animation&quot;:&quot;maxcoachFadeInUp&quot;}\" data-widget_type=\"tm-heading.default\">\n\t\t\t\t<div class=\"elementor-widget-container\">\n\t\t\t\t\t\t\t<div class=\"tm-modern-heading\">\n\t\t\t\n\t\t\t\t\t<div class=\"heading-primary-wrap\">\n\t\t\t<h2 class=\"heading-primary elementor-heading-title\">L\u2019automatisation peut tout changer. <br>\nParlons-en !<\/h2>\t\t<\/div>\n\t\t\n\t\t\t\n\t\t\t\t\t<\/div>\n\t\t\t\t\t\t<\/div>\n\t\t\t\t<\/div>\n\t\t\t\t\t<\/div>\n\t\t<\/div>\n\t\t\t\t\t<\/div>\n\t\t<\/section>\n\t\t\t\t<\/div>\n\t\t","protected":false},"excerpt":{"rendered":"<p>Cas clients Ma\u00eetrise des co\u00fbts avec une solution digitale \u00e9volutive dans une menuiserie Votre PME : des outils num\u00e9riques collaboratifs et \u00e9volutifs, performants et enfin \u00e9conomiquement accessibles. Contexte &amp; Probl\u00e9matique Dans le secteur de la menuiserie, les entreprises ont besoin d\u2019un environnement num\u00e9rique fiable, collaboratif et \u00e9volutif, tout en restant abordable. Les principales difficult\u00e9s rencontr\u00e9es \u00e9taient : Solutions informatiques trop complexes ou co\u00fbteuses pour une PME artisanale. Manque d\u2019outils collaboratifs pour fluidifier la gestion des projets et documents. Besoin d\u2019une solution \u00e9volutive, sans devoir r\u00e9investir constamment dans des logiciels lourds. L\u2019objectif \u00e9tait donc de mettre en place une infrastructure digitale performante, tout en ma\u00eetrisant les co\u00fbts. Solutions Nous avons d\u00e9ploy\u00e9 Google Workspace et Google Cloud, en param\u00e9trant les outils selon les besoins sp\u00e9cifiques de l\u2019entreprise : Mise en place de Google Workspace (Drive, Docs, Sheets, Slides) pour une collaboration efficace. Utilisation de Google Cloud (BigQuery, Looker Studio) pour centraliser et analyser les donn\u00e9es. D\u00e9veloppement d\u2019applications m\u00e9tier avec AppSheet, sans besoin de coder. Solution \u00e9volutive et s\u00e9curis\u00e9e, sans infrastructure \u00e0 g\u00e9rer. R\u00e9sultats &amp; B\u00e9n\u00e9fices Ma\u00eetrise des co\u00fbts : une solution compl\u00e8te \u00e0 un prix comp\u00e9titif. Collaboration optimis\u00e9e : acc\u00e8s aux fichiers en temps r\u00e9el, partage simplifi\u00e9. \u00c9volutivit\u00e9 garantie : des outils qui s\u2019adaptent \u00e0 la croissance de l\u2019entreprise. S\u00e9curit\u00e9 des donn\u00e9es : stockage cloud prot\u00e9g\u00e9, avec contr\u00f4le des acc\u00e8s. Gr\u00e2ce \u00e0 cette transition, l\u2019entreprise dispose d\u2019une solution informatique moderne et performante, qui lui permet d\u2019optimiser son organisation sans exploser son budget. Et vous ? Vous cherchez une solution pro, \u00e9volutive et abordable ? Passez au cloud sans exploser votre budget. Parlons-en ! Demander une d\u00e9mo L\u2019automatisation peut tout changer. Parlons-en !<\/p>\n","protected":false},"author":1,"featured_media":0,"parent":0,"menu_order":0,"comment_status":"closed","ping_status":"closed","template":"","meta":{"footnotes":""},"class_list":["post-6305","page","type-page","status-publish","hentry","post-no-thumbnail"],"_links":{"self":[{"href":"https:\/\/simonfaure.fr\/index.php\/wp-json\/wp\/v2\/pages\/6305","targetHints":{"allow":["GET"]}}],"collection":[{"href":"https:\/\/simonfaure.fr\/index.php\/wp-json\/wp\/v2\/pages"}],"about":[{"href":"https:\/\/simonfaure.fr\/index.php\/wp-json\/wp\/v2\/types\/page"}],"author":[{"embeddable":true,"href":"https:\/\/simonfaure.fr\/index.php\/wp-json\/wp\/v2\/users\/1"}],"replies":[{"embeddable":true,"href":"https:\/\/simonfaure.fr\/index.php\/wp-json\/wp\/v2\/comments?post=6305"}],"version-history":[{"count":25,"href":"https:\/\/simonfaure.fr\/index.php\/wp-json\/wp\/v2\/pages\/6305\/revisions"}],"predecessor-version":[{"id":6644,"href":"https:\/\/simonfaure.fr\/index.php\/wp-json\/wp\/v2\/pages\/6305\/revisions\/6644"}],"wp:attachment":[{"href":"https:\/\/simonfaure.fr\/index.php\/wp-json\/wp\/v2\/media?parent=6305"}],"curies":[{"name":"wp","href":"https:\/\/api.w.org\/{rel}","templated":true}]}}