{"id":6312,"date":"2025-05-27T10:33:04","date_gmt":"2025-05-27T08:33:04","guid":{"rendered":"https:\/\/simonfaure.fr\/?page_id=6312"},"modified":"2025-06-13T15:40:30","modified_gmt":"2025-06-13T13:40:30","slug":"une-solution-automatisee-et-coherente","status":"publish","type":"page","link":"https:\/\/simonfaure.fr\/index.php\/une-solution-automatisee-et-coherente\/","title":{"rendered":"Une solution automatis\u00e9e et coh\u00e9rente"},"content":{"rendered":"\t\t<div data-elementor-type=\"wp-page\" data-elementor-id=\"6312\" class=\"elementor elementor-6312\">\n\t\t\t\t\t\t<section class=\"elementor-section elementor-top-section elementor-element elementor-element-2cf0b12 elementor-section-stretched elementor-section-boxed elementor-section-gap-beside-yes elementor-section-height-default elementor-section-height-default elementor-section-column-vertical-align-stretch\" data-id=\"2cf0b12\" data-element_type=\"section\" data-settings=\"{&quot;stretch_section&quot;:&quot;section-stretched&quot;,&quot;background_background&quot;:&quot;classic&quot;,&quot;shape_divider_bottom&quot;:&quot;center-curve&quot;,&quot;shape_divider_bottom_negative&quot;:&quot;yes&quot;}\">\n\t\t\t\t\t<div class=\"elementor-shape elementor-shape-bottom\" data-negative=\"true\">\n\t\t\t<svg xmlns=\"http:\/\/www.w3.org\/2000\/svg\" viewBox=\"0 0 100 100\" preserveAspectRatio=\"none\" height=\"100\">\n\t<path class=\"elementor-shape-fill\" d=\"M 0 0 L0 100 L100 100 L100 0 Q 50 200 0 0\" \/>\n<\/svg>\n\t\t<\/div>\n\t\t\t\t\t<div class=\"elementor-container elementor-column-gap-extended\">\n\t\t\t\t\t<div class=\"elementor-column elementor-col-100 elementor-top-column elementor-element elementor-element-9f8dc86\" data-id=\"9f8dc86\" data-element_type=\"column\">\n\t\t\t<div class=\"elementor-widget-wrap elementor-element-populated\">\n\t\t\t\t\t\t<div class=\"elementor-element elementor-element-1166234 elementor-invisible elementor-widget elementor-widget-tm-heading\" data-id=\"1166234\" data-element_type=\"widget\" data-settings=\"{&quot;_animation&quot;:&quot;maxcoachFadeInUp&quot;}\" data-widget_type=\"tm-heading.default\">\n\t\t\t\t<div class=\"elementor-widget-container\">\n\t\t\t\t\t\t\t<div class=\"tm-modern-heading\">\n\t\t\t\t\t<div class=\"heading-secondary-wrap\">\n\t\t\t<h3 class=\"heading-secondary elementor-heading-title\">Cas clients<\/h3>\t\t<\/div>\n\t\t\n\t\t\t\t\t<div class=\"heading-primary-wrap\">\n\t\t\t<h2 class=\"heading-primary elementor-heading-title\">Automatisation des signatures mails pour<br> un groupe de presse\n\n\n<\/h2>\t\t<\/div>\n\t\t\n\t\t\t\n\t\t\t\t\t<\/div>\n\t\t\t\t\t\t<\/div>\n\t\t\t\t<\/div>\n\t\t\t\t\t<\/div>\n\t\t<\/div>\n\t\t\t\t\t<\/div>\n\t\t<\/section>\n\t\t\t\t<section class=\"elementor-section elementor-top-section elementor-element elementor-element-d3cf750 elementor-section-boxed elementor-section-gap-beside-yes elementor-section-height-default elementor-section-height-default elementor-section-column-vertical-align-stretch\" data-id=\"d3cf750\" data-element_type=\"section\">\n\t\t\t\t\t\t<div class=\"elementor-container elementor-column-gap-extended\">\n\t\t\t\t\t<div class=\"elementor-column elementor-col-50 elementor-top-column elementor-element elementor-element-3ee0422 elementor-invisible\" data-id=\"3ee0422\" data-element_type=\"column\" data-settings=\"{&quot;animation&quot;:&quot;maxcoachFadeInUp&quot;}\">\n\t\t\t<div class=\"elementor-widget-wrap elementor-element-populated\">\n\t\t\t\t\t\t<div class=\"elementor-element elementor-element-7cd3777 elementor-view-default elementor-widget elementor-widget-icon\" data-id=\"7cd3777\" data-element_type=\"widget\" data-widget_type=\"icon.default\">\n\t\t\t\t<div class=\"elementor-widget-container\">\n\t\t\t\t\t\t\t<div class=\"elementor-icon-wrapper\">\n\t\t\t<div class=\"elementor-icon\">\n\t\t\t<svg aria-hidden=\"true\" class=\"e-font-icon-svg e-fa-regular-newspaper\" viewBox=\"0 0 576 512\" xmlns=\"http:\/\/www.w3.org\/2000\/svg\"><path d=\"M552 64H112c-20.858 0-38.643 13.377-45.248 32H24c-13.255 0-24 10.745-24 24v272c0 30.928 25.072 56 56 56h496c13.255 0 24-10.745 24-24V88c0-13.255-10.745-24-24-24zM48 392V144h16v248c0 4.411-3.589 8-8 8s-8-3.589-8-8zm480 8H111.422c.374-2.614.578-5.283.578-8V112h416v288zM172 280h136c6.627 0 12-5.373 12-12v-96c0-6.627-5.373-12-12-12H172c-6.627 0-12 5.373-12 12v96c0 6.627 5.373 12 12 12zm28-80h80v40h-80v-40zm-40 140v-24c0-6.627 5.373-12 12-12h136c6.627 0 12 5.373 12 12v24c0 6.627-5.373 12-12 12H172c-6.627 0-12-5.373-12-12zm192 0v-24c0-6.627 5.373-12 12-12h104c6.627 0 12 5.373 12 12v24c0 6.627-5.373 12-12 12H364c-6.627 0-12-5.373-12-12zm0-144v-24c0-6.627 5.373-12 12-12h104c6.627 0 12 5.373 12 12v24c0 6.627-5.373 12-12 12H364c-6.627 0-12-5.373-12-12zm0 72v-24c0-6.627 5.373-12 12-12h104c6.627 0 12 5.373 12 12v24c0 6.627-5.373 12-12 12H364c-6.627 0-12-5.373-12-12z\"><\/path><\/svg>\t\t\t<\/div>\n\t\t<\/div>\n\t\t\t\t\t\t<\/div>\n\t\t\t\t<\/div>\n\t\t\t\t<div class=\"elementor-element elementor-element-8a3afc5 elementor-widget elementor-widget-tm-heading\" data-id=\"8a3afc5\" data-element_type=\"widget\" data-widget_type=\"tm-heading.default\">\n\t\t\t\t<div class=\"elementor-widget-container\">\n\t\t\t\t\t\t\t<div class=\"tm-modern-heading\">\n\t\t\t\n\t\t\t\t\t<div class=\"heading-primary-wrap\">\n\t\t\t<h2 class=\"heading-primary elementor-heading-title\"><mark>Gestion des signatures mails<\/mark>  Automatisation pour plus de 1000 utilisateurs : coh\u00e9rence et efficacit\u00e9 garanties.<\/h2>\t\t<\/div>\n\t\t\n\t\t\t\n\t\t\t\t\t<\/div>\n\t\t\t\t\t\t<\/div>\n\t\t\t\t<\/div>\n\t\t\t\t\t<\/div>\n\t\t<\/div>\n\t\t\t\t<div class=\"elementor-column elementor-col-50 elementor-top-column elementor-element elementor-element-50c0f00 elementor-invisible\" data-id=\"50c0f00\" data-element_type=\"column\" data-settings=\"{&quot;animation&quot;:&quot;maxcoachFadeInUp&quot;}\">\n\t\t\t<div class=\"elementor-widget-wrap elementor-element-populated\">\n\t\t\t\t\t\t<div class=\"elementor-element elementor-element-d79f698 elementor-widget elementor-widget-text-editor\" data-id=\"d79f698\" data-element_type=\"widget\" data-widget_type=\"text-editor.default\">\n\t\t\t\t<div class=\"elementor-widget-container\">\n\t\t\t\t\t\t\t\t\t<p><strong>Contexte &amp; Probl\u00e9matique<\/strong><\/p><p><span style=\"font-weight: 400;\">Dans le secteur de la <\/span><b>presse<\/b><span style=\"font-weight: 400;\">, la gestion des signatures mails est un v\u00e9ritable casse-t\u00eate, surtout pour une entreprise avec <\/span><b>1 000 collaborateurs<\/b><span style=\"font-weight: 400;\">. Les difficult\u00e9s rencontr\u00e9es \u00e9taient :<\/span><\/p><ul><li><b>Mise \u00e0 jour manuelle des signatures<\/b><span style=\"font-weight: 400;\">, chronophage et source d\u2019erreurs.<\/span><\/li><li><b>Manque d\u2019uniformit\u00e9<\/b><span style=\"font-weight: 400;\"> dans l\u2019identit\u00e9 visuelle de l\u2019entreprise.<\/span><\/li><li><b>Gestion complexe<\/b><span style=\"font-weight: 400;\"> des changements (promotion, nouveau collaborateur, modification d\u2019informations).<\/span><\/li><\/ul><p><span style=\"font-weight: 400;\">L\u2019objectif \u00e9tait donc de <\/span><b>mettre en place une solution automatis\u00e9e<\/b><span style=\"font-weight: 400;\">, garantissant <\/span><b>coh\u00e9rence et gain de temps<\/b><span style=\"font-weight: 400;\">.<\/span><\/p>\t\t\t\t\t\t\t\t<\/div>\n\t\t\t\t<\/div>\n\t\t\t\t\t<\/div>\n\t\t<\/div>\n\t\t\t\t\t<\/div>\n\t\t<\/section>\n\t\t<div class=\"elementor-element elementor-element-782dd75 e-flex e-con-boxed e-con e-parent\" data-id=\"782dd75\" data-element_type=\"container\">\n\t\t\t\t\t<div class=\"e-con-inner\">\n\t\t\t\t<div class=\"elementor-element elementor-element-0893875 elementor-widget elementor-widget-image\" data-id=\"0893875\" data-element_type=\"widget\" data-widget_type=\"image.default\">\n\t\t\t\t<div class=\"elementor-widget-container\">\n\t\t\t\t\t\t\t\t\t\t\t\t\t\t\t<img fetchpriority=\"high\" decoding=\"async\" width=\"640\" height=\"273\" src=\"https:\/\/simonfaure.fr\/wp-content\/uploads\/2025\/06\/8_SimonFaur_CasClient.png\" class=\"attachment-large size-large wp-image-6381\" alt=\"\" srcset=\"https:\/\/simonfaure.fr\/wp-content\/uploads\/2025\/06\/8_SimonFaur_CasClient.png 1000w, https:\/\/simonfaure.fr\/wp-content\/uploads\/2025\/06\/8_SimonFaur_CasClient-300x128.png 300w, https:\/\/simonfaure.fr\/wp-content\/uploads\/2025\/06\/8_SimonFaur_CasClient-768x327.png 768w, https:\/\/simonfaure.fr\/wp-content\/uploads\/2025\/06\/8_SimonFaur_CasClient-600x256.png 600w\" sizes=\"(max-width: 640px) 100vw, 640px\" \/>\t\t\t\t\t\t\t\t\t\t\t\t\t\t\t<\/div>\n\t\t\t\t<\/div>\n\t\t\t\t\t<\/div>\n\t\t\t\t<\/div>\n\t\t\t\t<section class=\"elementor-section elementor-top-section elementor-element elementor-element-35862b4 elementor-section-boxed elementor-section-gap-beside-yes elementor-section-height-default elementor-section-height-default elementor-section-column-vertical-align-stretch\" data-id=\"35862b4\" data-element_type=\"section\">\n\t\t\t\t\t\t<div class=\"elementor-container elementor-column-gap-extended\">\n\t\t\t\t\t<div class=\"elementor-column elementor-col-100 elementor-top-column elementor-element elementor-element-68e82a7\" data-id=\"68e82a7\" data-element_type=\"column\">\n\t\t\t<div class=\"elementor-widget-wrap elementor-element-populated\">\n\t\t\t\t\t\t<section class=\"elementor-section elementor-inner-section elementor-element elementor-element-1354546 elementor-section-gap-beside-no elementor-section-boxed elementor-section-height-default elementor-section-height-default elementor-section-column-vertical-align-stretch\" data-id=\"1354546\" data-element_type=\"section\">\n\t\t\t\t\t\t<div class=\"elementor-container elementor-column-gap-extended\">\n\t\t\t\t\t<div class=\"elementor-column elementor-col-33 elementor-inner-column elementor-element elementor-element-0255beb\" data-id=\"0255beb\" data-element_type=\"column\">\n\t\t\t<div class=\"elementor-widget-wrap elementor-element-populated\">\n\t\t\t\t\t\t<div class=\"elementor-element elementor-element-650efde maxcoach-list-layout-block elementor-invisible elementor-widget elementor-widget-tm-list\" data-id=\"650efde\" data-element_type=\"widget\" data-settings=\"{&quot;_animation&quot;:&quot;maxcoachFadeInUp&quot;}\" data-widget_type=\"tm-list.default\">\n\t\t\t\t<div class=\"elementor-widget-container\">\n\t\t\t\t\t\t\t<div class=\"maxcoach-list\">\n\t\t\t\t\t\t\t\t<div class=\"item\">\n\n\t\t\t\t\t\t<div class=\"link\">\n\t\t\t\t\t\t<div class=\"list-header\">\n\t\t\t\t\t\t\t\t\t\t\t\t\t\t\t<div class=\"maxcoach-icon icon\"><i aria-hidden=\"true\" class=\"far fa-long-arrow-right\"><\/i><\/div>\t\t\t\t\t\t\t\n\t\t\t\t\t\t\t<div class=\"text-wrap\">\n\t\t\t\t\t\t\t\t\t\t\t\t\t\t\t\t\t<div class=\"text\">Solutions<\/div>\n\t\t\t\t\t\t\t\t\t\t\t\t\t\t\t<\/div>\n\n\t\t\t\t\t\t\t\t\t\t\t\t\t<\/div>\n\n\t\t\t\t\t\t<\/div>\n\t\t\t\t\t<\/div>\n\t\t\t\t\t\t\t<\/div>\n\t\t\t\t\t\t<\/div>\n\t\t\t\t<\/div>\n\t\t\t\t\t<\/div>\n\t\t<\/div>\n\t\t\t\t<div class=\"elementor-column elementor-col-66 elementor-inner-column elementor-element elementor-element-f312a9c\" data-id=\"f312a9c\" data-element_type=\"column\">\n\t\t\t<div class=\"elementor-widget-wrap elementor-element-populated\">\n\t\t\t\t\t\t<div class=\"elementor-element elementor-element-e1dbdd7 elementor-widget elementor-widget-text-editor\" data-id=\"e1dbdd7\" data-element_type=\"widget\" data-widget_type=\"text-editor.default\">\n\t\t\t\t<div class=\"elementor-widget-container\">\n\t\t\t\t\t\t\t\t\t<p><span style=\"font-weight: 400;\">Nous avons d\u00e9velopp\u00e9 une <\/span><b>extension sur-mesure avec Google Apps Script<\/b><span style=\"font-weight: 400;\">, permettant de g\u00e9rer les signatures de mani\u00e8re centralis\u00e9e :<\/span><\/p>\t\t\t\t\t\t\t\t<\/div>\n\t\t\t\t<\/div>\n\t\t\t\t<div class=\"elementor-element elementor-element-d26c359 maxcoach-list-layout-block elementor-invisible elementor-widget elementor-widget-tm-list\" data-id=\"d26c359\" data-element_type=\"widget\" data-settings=\"{&quot;_animation&quot;:&quot;maxcoachFadeInUp&quot;}\" data-widget_type=\"tm-list.default\">\n\t\t\t\t<div class=\"elementor-widget-container\">\n\t\t\t\t\t\t\t<div class=\"maxcoach-list\">\n\t\t\t\t\t\t\t\t<div class=\"item\">\n\n\t\t\t\t\t\t<div class=\"link\">\n\t\t\t\t\t\t<div class=\"list-header\">\n\t\t\t\t\t\t\t\t\t\t\t\t\t\t\t<div class=\"maxcoach-icon icon\"><i aria-hidden=\"true\" class=\"far fa-check\"><\/i><\/div>\t\t\t\t\t\t\t\n\t\t\t\t\t\t\t<div class=\"text-wrap\">\n\t\t\t\t\t\t\t\t\t\t\t\t\t\t\t\t\t<div class=\"text\">Personnalisation automatique des signatures en fonction du poste, du service et des informations du collaborateur.<\/div>\n\t\t\t\t\t\t\t\t\t\t\t\t\t\t\t<\/div>\n\n\t\t\t\t\t\t\t\t\t\t\t\t\t<\/div>\n\n\t\t\t\t\t\t<\/div>\n\t\t\t\t\t<\/div>\n\t\t\t\t\t\t\t\t\t\t<div class=\"item\">\n\n\t\t\t\t\t\t<div class=\"link\">\n\t\t\t\t\t\t<div class=\"list-header\">\n\t\t\t\t\t\t\t\t\t\t\t\t\t\t\t<div class=\"maxcoach-icon icon\"><i aria-hidden=\"true\" class=\"far fa-check\"><\/i><\/div>\t\t\t\t\t\t\t\n\t\t\t\t\t\t\t<div class=\"text-wrap\">\n\t\t\t\t\t\t\t\t\t\t\t\t\t\t\t\t\t<div class=\"text\">Mise \u00e0 jour instantan\u00e9e des signatures pour l\u2019ensemble des 1 000 employ\u00e9s.<\/div>\n\t\t\t\t\t\t\t\t\t\t\t\t\t\t\t<\/div>\n\n\t\t\t\t\t\t\t\t\t\t\t\t\t<\/div>\n\n\t\t\t\t\t\t<\/div>\n\t\t\t\t\t<\/div>\n\t\t\t\t\t\t\t\t\t\t<div class=\"item\">\n\n\t\t\t\t\t\t<div class=\"link\">\n\t\t\t\t\t\t<div class=\"list-header\">\n\t\t\t\t\t\t\t\t\t\t\t\t\t\t\t<div class=\"maxcoach-icon icon\"><i aria-hidden=\"true\" class=\"far fa-check\"><\/i><\/div>\t\t\t\t\t\t\t\n\t\t\t\t\t\t\t<div class=\"text-wrap\">\n\t\t\t\t\t\t\t\t\t\t\t\t\t\t\t\t\t<div class=\"text\"> Interface simple pour modifier les param\u00e8tres sans intervention IT.<\/div>\n\t\t\t\t\t\t\t\t\t\t\t\t\t\t\t<\/div>\n\n\t\t\t\t\t\t\t\t\t\t\t\t\t<\/div>\n\n\t\t\t\t\t\t<\/div>\n\t\t\t\t\t<\/div>\n\t\t\t\t\t\t\t\t\t\t<div class=\"item\">\n\n\t\t\t\t\t\t<div class=\"link\">\n\t\t\t\t\t\t<div class=\"list-header\">\n\t\t\t\t\t\t\t\t\t\t\t\t\t\t\t<div class=\"maxcoach-icon icon\"><i aria-hidden=\"true\" class=\"far fa-check\"><\/i><\/div>\t\t\t\t\t\t\t\n\t\t\t\t\t\t\t<div class=\"text-wrap\">\n\t\t\t\t\t\t\t\t\t\t\t\t\t\t\t\t\t<div class=\"text\">Uniformisation de la charte graphique dans tous les \u00e9changes mails.<\/div>\n\t\t\t\t\t\t\t\t\t\t\t\t\t\t\t<\/div>\n\n\t\t\t\t\t\t\t\t\t\t\t\t\t<\/div>\n\n\t\t\t\t\t\t<\/div>\n\t\t\t\t\t<\/div>\n\t\t\t\t\t\t\t<\/div>\n\t\t\t\t\t\t<\/div>\n\t\t\t\t<\/div>\n\t\t\t\t\t<\/div>\n\t\t<\/div>\n\t\t\t\t\t<\/div>\n\t\t<\/section>\n\t\t\t\t<section class=\"elementor-section elementor-inner-section elementor-element elementor-element-6e03b2e elementor-section-gap-beside-no elementor-section-boxed elementor-section-height-default elementor-section-height-default elementor-section-column-vertical-align-stretch\" data-id=\"6e03b2e\" data-element_type=\"section\">\n\t\t\t\t\t\t<div class=\"elementor-container elementor-column-gap-extended\">\n\t\t\t\t\t<div class=\"elementor-column elementor-col-33 elementor-inner-column elementor-element elementor-element-d304bca\" data-id=\"d304bca\" data-element_type=\"column\">\n\t\t\t<div class=\"elementor-widget-wrap elementor-element-populated\">\n\t\t\t\t\t\t<div class=\"elementor-element elementor-element-2f5174c maxcoach-list-layout-block elementor-invisible elementor-widget elementor-widget-tm-list\" data-id=\"2f5174c\" data-element_type=\"widget\" data-settings=\"{&quot;_animation&quot;:&quot;maxcoachFadeInUp&quot;}\" data-widget_type=\"tm-list.default\">\n\t\t\t\t<div class=\"elementor-widget-container\">\n\t\t\t\t\t\t\t<div class=\"maxcoach-list\">\n\t\t\t\t\t\t\t\t<div class=\"item\">\n\n\t\t\t\t\t\t<div class=\"link\">\n\t\t\t\t\t\t<div class=\"list-header\">\n\t\t\t\t\t\t\t\t\t\t\t\t\t\t\t<div class=\"maxcoach-icon icon\"><i aria-hidden=\"true\" class=\"far fa-long-arrow-right\"><\/i><\/div>\t\t\t\t\t\t\t\n\t\t\t\t\t\t\t<div class=\"text-wrap\">\n\t\t\t\t\t\t\t\t\t\t\t\t\t\t\t\t\t<div class=\"text\">R\u00e9sultats &amp; B\u00e9n\u00e9fices<\/div>\n\t\t\t\t\t\t\t\t\t\t\t\t\t\t\t<\/div>\n\n\t\t\t\t\t\t\t\t\t\t\t\t\t<\/div>\n\n\t\t\t\t\t\t<\/div>\n\t\t\t\t\t<\/div>\n\t\t\t\t\t\t\t<\/div>\n\t\t\t\t\t\t<\/div>\n\t\t\t\t<\/div>\n\t\t\t\t\t<\/div>\n\t\t<\/div>\n\t\t\t\t<div class=\"elementor-column elementor-col-66 elementor-inner-column elementor-element elementor-element-1e3da32\" data-id=\"1e3da32\" data-element_type=\"column\">\n\t\t\t<div class=\"elementor-widget-wrap elementor-element-populated\">\n\t\t\t\t\t\t<div class=\"elementor-element elementor-element-3cc5547 maxcoach-list-layout-block elementor-invisible elementor-widget elementor-widget-tm-list\" data-id=\"3cc5547\" data-element_type=\"widget\" data-settings=\"{&quot;_animation&quot;:&quot;maxcoachFadeInUp&quot;}\" data-widget_type=\"tm-list.default\">\n\t\t\t\t<div class=\"elementor-widget-container\">\n\t\t\t\t\t\t\t<div class=\"maxcoach-list\">\n\t\t\t\t\t\t\t\t<div class=\"item\">\n\n\t\t\t\t\t\t<div class=\"link\">\n\t\t\t\t\t\t<div class=\"list-header\">\n\t\t\t\t\t\t\t\t\t\t\t\t\t\t\t<div class=\"maxcoach-icon icon\"><i aria-hidden=\"true\" class=\"far fa-check\"><\/i><\/div>\t\t\t\t\t\t\t\n\t\t\t\t\t\t\t<div class=\"text-wrap\">\n\t\t\t\t\t\t\t\t\t\t\t\t\t\t\t\t\t<div class=\"text\">Automatisation compl\u00e8te : plus besoin de modifier les signatures une par une.<\/div>\n\t\t\t\t\t\t\t\t\t\t\t\t\t\t\t<\/div>\n\n\t\t\t\t\t\t\t\t\t\t\t\t\t<\/div>\n\n\t\t\t\t\t\t<\/div>\n\t\t\t\t\t<\/div>\n\t\t\t\t\t\t\t\t\t\t<div class=\"item\">\n\n\t\t\t\t\t\t<div class=\"link\">\n\t\t\t\t\t\t<div class=\"list-header\">\n\t\t\t\t\t\t\t\t\t\t\t\t\t\t\t<div class=\"maxcoach-icon icon\"><i aria-hidden=\"true\" class=\"far fa-check\"><\/i><\/div>\t\t\t\t\t\t\t\n\t\t\t\t\t\t\t<div class=\"text-wrap\">\n\t\t\t\t\t\t\t\t\t\t\t\t\t\t\t\t\t<div class=\"text\">Gain de temps consid\u00e9rable : d\u00e9ploiement rapide et efficace.<\/div>\n\t\t\t\t\t\t\t\t\t\t\t\t\t\t\t<\/div>\n\n\t\t\t\t\t\t\t\t\t\t\t\t\t<\/div>\n\n\t\t\t\t\t\t<\/div>\n\t\t\t\t\t<\/div>\n\t\t\t\t\t\t\t\t\t\t<div class=\"item\">\n\n\t\t\t\t\t\t<div class=\"link\">\n\t\t\t\t\t\t<div class=\"list-header\">\n\t\t\t\t\t\t\t\t\t\t\t\t\t\t\t<div class=\"maxcoach-icon icon\"><i aria-hidden=\"true\" class=\"far fa-check\"><\/i><\/div>\t\t\t\t\t\t\t\n\t\t\t\t\t\t\t<div class=\"text-wrap\">\n\t\t\t\t\t\t\t\t\t\t\t\t\t\t\t\t\t<div class=\"text\">Meilleure image de marque : coh\u00e9rence dans les communications externes.<\/div>\n\t\t\t\t\t\t\t\t\t\t\t\t\t\t\t<\/div>\n\n\t\t\t\t\t\t\t\t\t\t\t\t\t<\/div>\n\n\t\t\t\t\t\t<\/div>\n\t\t\t\t\t<\/div>\n\t\t\t\t\t\t\t\t\t\t<div class=\"item\">\n\n\t\t\t\t\t\t<div class=\"link\">\n\t\t\t\t\t\t<div class=\"list-header\">\n\t\t\t\t\t\t\t\t\t\t\t\t\t\t\t<div class=\"maxcoach-icon icon\"><i aria-hidden=\"true\" class=\"far fa-check\"><\/i><\/div>\t\t\t\t\t\t\t\n\t\t\t\t\t\t\t<div class=\"text-wrap\">\n\t\t\t\t\t\t\t\t\t\t\t\t\t\t\t\t\t<div class=\"text\">Flexibilit\u00e9 et \u00e9volutivit\u00e9 : la solution s\u2019adapte aux \u00e9volutions de l\u2019entreprise.<\/div>\n\t\t\t\t\t\t\t\t\t\t\t\t\t\t\t<\/div>\n\n\t\t\t\t\t\t\t\t\t\t\t\t\t<\/div>\n\n\t\t\t\t\t\t<\/div>\n\t\t\t\t\t<\/div>\n\t\t\t\t\t\t\t\t\t\t<div class=\"item\">\n\n\t\t\t\t\t\t<div class=\"link\">\n\t\t\t\t\t\t<div class=\"list-header\">\n\t\t\t\t\t\t\t\t\t\t\t\t\t\t\t<div class=\"maxcoach-icon icon\"><i aria-hidden=\"true\" class=\"far fa-check\"><\/i><\/div>\t\t\t\t\t\t\t\n\t\t\t\t\t\t\t<div class=\"text-wrap\">\n\t\t\t\t\t\t\t\t\t\t\t\t\t\t\t\t\t<div class=\"text\">Approche collaborative en mode Scrum : int\u00e9gration des collaborateurs d\u00e8s la conception du projet pour s\u2019assurer de l\u2019adoption et de l\u2019efficacit\u00e9 de la solution.<\/div>\n\t\t\t\t\t\t\t\t\t\t\t\t\t\t\t<\/div>\n\n\t\t\t\t\t\t\t\t\t\t\t\t\t<\/div>\n\n\t\t\t\t\t\t<\/div>\n\t\t\t\t\t<\/div>\n\t\t\t\t\t\t\t<\/div>\n\t\t\t\t\t\t<\/div>\n\t\t\t\t<\/div>\n\t\t\t\t<div class=\"elementor-element elementor-element-24e036b elementor-widget elementor-widget-text-editor\" data-id=\"24e036b\" data-element_type=\"widget\" data-widget_type=\"text-editor.default\">\n\t\t\t\t<div class=\"elementor-widget-container\">\n\t\t\t\t\t\t\t\t\t<p><span style=\"font-weight: 400;\">Gr\u00e2ce \u00e0 cette automatisation, l\u2019entreprise a pu <\/span><b>fiabiliser et harmoniser sa communication interne et externe<\/b><span style=\"font-weight: 400;\">, tout en supprimant une t\u00e2che fastidieuse pour son \u00e9quipe IT.<\/span><\/p>\t\t\t\t\t\t\t\t<\/div>\n\t\t\t\t<\/div>\n\t\t\t\t\t<\/div>\n\t\t<\/div>\n\t\t\t\t\t<\/div>\n\t\t<\/section>\n\t\t\t\t\t<\/div>\n\t\t<\/div>\n\t\t\t\t\t<\/div>\n\t\t<\/section>\n\t\t<div class=\"elementor-element elementor-element-cafd3df e-flex e-con-boxed e-con e-parent\" data-id=\"cafd3df\" data-element_type=\"container\">\n\t\t\t\t\t<div class=\"e-con-inner\">\n\t\t\t\t<div class=\"elementor-element elementor-element-10be0c7 elementor-widget elementor-widget-text-editor\" data-id=\"10be0c7\" data-element_type=\"widget\" data-widget_type=\"text-editor.default\">\n\t\t\t\t<div class=\"elementor-widget-container\">\n\t\t\t\t\t\t\t\t\t<p><b>Et vous ?<\/b><\/p><p><span style=\"font-weight: 400;\">Vous perdez encore du temps sur des t\u00e2ches r\u00e9p\u00e9titives ? L\u2019automatisation peut tout changer. Parlons-en !<\/span><\/p>\t\t\t\t\t\t\t\t<\/div>\n\t\t\t\t<\/div>\n\t\t\t\t<div class=\"elementor-element elementor-element-3c3ff93 elementor-widget elementor-widget-button\" data-id=\"3c3ff93\" data-element_type=\"widget\" data-widget_type=\"button.default\">\n\t\t\t\t<div class=\"elementor-widget-container\">\n\t\t\t\t\t\t\t\t\t<div class=\"elementor-button-wrapper\">\n\t\t\t\t\t<a class=\"elementor-button elementor-button-link elementor-size-sm\" href=\"#contact\" contact=\"\">\n\t\t\t\t\t\t<span class=\"elementor-button-content-wrapper\">\n\t\t\t\t\t\t\t\t\t<span class=\"elementor-button-text\">Demander une d\u00e9mo<\/span>\n\t\t\t\t\t<\/span>\n\t\t\t\t\t<\/a>\n\t\t\t\t<\/div>\n\t\t\t\t\t\t\t\t<\/div>\n\t\t\t\t<\/div>\n\t\t\t\t<div class=\"elementor-element elementor-element-6d378a2 elementor-widget elementor-widget-spacer\" data-id=\"6d378a2\" data-element_type=\"widget\" data-widget_type=\"spacer.default\">\n\t\t\t\t<div class=\"elementor-widget-container\">\n\t\t\t\t\t\t\t<div class=\"elementor-spacer\">\n\t\t\t<div class=\"elementor-spacer-inner\"><\/div>\n\t\t<\/div>\n\t\t\t\t\t\t<\/div>\n\t\t\t\t<\/div>\n\t\t\t\t\t<\/div>\n\t\t\t\t<\/div>\n\t\t\t\t<section class=\"elementor-section elementor-top-section elementor-element elementor-element-3e756a1 elementor-section-boxed elementor-section-gap-beside-yes elementor-section-height-default elementor-section-height-default elementor-section-column-vertical-align-stretch\" data-id=\"3e756a1\" data-element_type=\"section\" data-settings=\"{&quot;background_background&quot;:&quot;classic&quot;}\">\n\t\t\t\t\t\t<div class=\"elementor-container elementor-column-gap-extended\">\n\t\t\t\t\t<div class=\"elementor-column elementor-col-100 elementor-top-column elementor-element elementor-element-27079e6\" data-id=\"27079e6\" data-element_type=\"column\">\n\t\t\t<div class=\"elementor-widget-wrap elementor-element-populated\">\n\t\t\t\t\t\t<div class=\"elementor-element elementor-element-2483b47 elementor-invisible elementor-widget elementor-widget-tm-heading\" data-id=\"2483b47\" data-element_type=\"widget\" data-settings=\"{&quot;_animation&quot;:&quot;maxcoachFadeInUp&quot;}\" data-widget_type=\"tm-heading.default\">\n\t\t\t\t<div class=\"elementor-widget-container\">\n\t\t\t\t\t\t\t<div class=\"tm-modern-heading\">\n\t\t\t\n\t\t\t\t\t<div class=\"heading-primary-wrap\">\n\t\t\t<h2 class=\"heading-primary elementor-heading-title\">L\u2019automatisation peut tout changer. <br>\nParlons-en !<\/h2>\t\t<\/div>\n\t\t\n\t\t\t\n\t\t\t\t\t<\/div>\n\t\t\t\t\t\t<\/div>\n\t\t\t\t<\/div>\n\t\t\t\t\t<\/div>\n\t\t<\/div>\n\t\t\t\t\t<\/div>\n\t\t<\/section>\n\t\t\t\t<\/div>\n\t\t","protected":false},"excerpt":{"rendered":"<p>Cas clients Automatisation des signatures mails pour un groupe de presse Gestion des signatures mails Automatisation pour plus de 1000 utilisateurs : coh\u00e9rence et efficacit\u00e9 garanties. Contexte &amp; Probl\u00e9matique Dans le secteur de la presse, la gestion des signatures mails est un v\u00e9ritable casse-t\u00eate, surtout pour une entreprise avec 1 000 collaborateurs. Les difficult\u00e9s rencontr\u00e9es \u00e9taient : Mise \u00e0 jour manuelle des signatures, chronophage et source d\u2019erreurs. Manque d\u2019uniformit\u00e9 dans l\u2019identit\u00e9 visuelle de l\u2019entreprise. Gestion complexe des changements (promotion, nouveau collaborateur, modification d\u2019informations). L\u2019objectif \u00e9tait donc de mettre en place une solution automatis\u00e9e, garantissant coh\u00e9rence et gain de temps. Solutions Nous avons d\u00e9velopp\u00e9 une extension sur-mesure avec Google Apps Script, permettant de g\u00e9rer les signatures de mani\u00e8re centralis\u00e9e : Personnalisation automatique des signatures en fonction du poste, du service et des informations du collaborateur. Mise \u00e0 jour instantan\u00e9e des signatures pour l\u2019ensemble des 1 000 employ\u00e9s. Interface simple pour modifier les param\u00e8tres sans intervention IT. Uniformisation de la charte graphique dans tous les \u00e9changes mails. R\u00e9sultats &amp; B\u00e9n\u00e9fices Automatisation compl\u00e8te : plus besoin de modifier les signatures une par une. Gain de temps consid\u00e9rable : d\u00e9ploiement rapide et efficace. Meilleure image de marque : coh\u00e9rence dans les communications externes. Flexibilit\u00e9 et \u00e9volutivit\u00e9 : la solution s\u2019adapte aux \u00e9volutions de l\u2019entreprise. Approche collaborative en mode Scrum : int\u00e9gration des collaborateurs d\u00e8s la conception du projet pour s\u2019assurer de l\u2019adoption et de l\u2019efficacit\u00e9 de la solution. Gr\u00e2ce \u00e0 cette automatisation, l\u2019entreprise a pu fiabiliser et harmoniser sa communication interne et externe, tout en supprimant une t\u00e2che fastidieuse pour son \u00e9quipe IT. Et vous ? Vous perdez encore du temps sur des t\u00e2ches r\u00e9p\u00e9titives ? L\u2019automatisation peut tout changer. Parlons-en ! Demander une d\u00e9mo L\u2019automatisation peut tout changer. Parlons-en !<\/p>\n","protected":false},"author":1,"featured_media":0,"parent":0,"menu_order":0,"comment_status":"closed","ping_status":"closed","template":"","meta":{"footnotes":""},"class_list":["post-6312","page","type-page","status-publish","hentry","post-no-thumbnail"],"_links":{"self":[{"href":"https:\/\/simonfaure.fr\/index.php\/wp-json\/wp\/v2\/pages\/6312","targetHints":{"allow":["GET"]}}],"collection":[{"href":"https:\/\/simonfaure.fr\/index.php\/wp-json\/wp\/v2\/pages"}],"about":[{"href":"https:\/\/simonfaure.fr\/index.php\/wp-json\/wp\/v2\/types\/page"}],"author":[{"embeddable":true,"href":"https:\/\/simonfaure.fr\/index.php\/wp-json\/wp\/v2\/users\/1"}],"replies":[{"embeddable":true,"href":"https:\/\/simonfaure.fr\/index.php\/wp-json\/wp\/v2\/comments?post=6312"}],"version-history":[{"count":22,"href":"https:\/\/simonfaure.fr\/index.php\/wp-json\/wp\/v2\/pages\/6312\/revisions"}],"predecessor-version":[{"id":6641,"href":"https:\/\/simonfaure.fr\/index.php\/wp-json\/wp\/v2\/pages\/6312\/revisions\/6641"}],"wp:attachment":[{"href":"https:\/\/simonfaure.fr\/index.php\/wp-json\/wp\/v2\/media?parent=6312"}],"curies":[{"name":"wp","href":"https:\/\/api.w.org\/{rel}","templated":true}]}}