{"id":6683,"date":"2025-07-10T18:59:53","date_gmt":"2025-07-10T16:59:53","guid":{"rendered":"https:\/\/simonfaure.fr\/?page_id=6683"},"modified":"2025-09-02T16:54:48","modified_gmt":"2025-09-02T14:54:48","slug":"formations","status":"publish","type":"page","link":"https:\/\/simonfaure.fr\/index.php\/formations\/","title":{"rendered":"Formations"},"content":{"rendered":"\t\t<div data-elementor-type=\"wp-page\" data-elementor-id=\"6683\" class=\"elementor elementor-6683\">\n\t\t\t\t\t\t<section class=\"elementor-section elementor-top-section elementor-element elementor-element-2868780 elementor-section-stretched elementor-section-boxed elementor-section-gap-beside-yes elementor-section-height-default elementor-section-height-default elementor-section-column-vertical-align-stretch\" data-id=\"2868780\" data-element_type=\"section\" data-settings=\"{&quot;stretch_section&quot;:&quot;section-stretched&quot;,&quot;background_background&quot;:&quot;gradient&quot;,&quot;shape_divider_bottom&quot;:&quot;center-curve&quot;,&quot;shape_divider_bottom_negative&quot;:&quot;yes&quot;}\">\n\t\t\t\t\t<div class=\"elementor-shape elementor-shape-bottom\" data-negative=\"true\">\n\t\t\t<svg xmlns=\"http:\/\/www.w3.org\/2000\/svg\" viewBox=\"0 0 100 100\" preserveAspectRatio=\"none\" height=\"100\">\n\t<path class=\"elementor-shape-fill\" d=\"M 0 0 L0 100 L100 100 L100 0 Q 50 200 0 0\" \/>\n<\/svg>\n\t\t<\/div>\n\t\t\t\t\t<div class=\"elementor-container elementor-column-gap-extended\">\n\t\t\t\t\t<div class=\"elementor-column elementor-col-100 elementor-top-column elementor-element elementor-element-b28e84f\" data-id=\"b28e84f\" data-element_type=\"column\">\n\t\t\t<div class=\"elementor-widget-wrap elementor-element-populated\">\n\t\t\t\t\t\t<div class=\"elementor-element elementor-element-25af4f7 elementor-invisible elementor-widget elementor-widget-tm-heading\" data-id=\"25af4f7\" data-element_type=\"widget\" data-settings=\"{&quot;_animation&quot;:&quot;maxcoachFadeInUp&quot;}\" data-widget_type=\"tm-heading.default\">\n\t\t\t\t<div class=\"elementor-widget-container\">\n\t\t\t\t\t\t\t<div class=\"tm-modern-heading\">\n\t\t\t\t\t<div class=\"heading-secondary-wrap\">\n\t\t\t<h3 class=\"heading-secondary elementor-heading-title\">Ma\u00eetrisez les outils Google Workspace<\/h3>\t\t<\/div>\n\t\t\n\t\t\t\t\t<div class=\"heading-primary-wrap\">\n\t\t\t<h2 class=\"heading-primary elementor-heading-title\">Optimisez  <mark>votre productivit\u00e9<\/mark> avec nos formations Google Workspace <\/h2>\t\t<\/div>\n\t\t\n\t\t\t\n\t\t\t\t\t<div class=\"heading-description-wrap\">\n\t\t\t<div class=\"heading-description\">\n\t\t\t\t<p><b>Ma\u00eetrisez les outils Google Workspace pour une autonomie totale et transformez la mani\u00e8re dont vos \u00e9quipes travaillent !<\/b><\/p>\t\t\t<\/div>\n\t\t<\/div>\n\t\t\t<\/div>\n\t\t\t\t\t\t<\/div>\n\t\t\t\t<\/div>\n\t\t\t\t<div class=\"elementor-element elementor-element-01260fc elementor-widget elementor-widget-spacer\" data-id=\"01260fc\" data-element_type=\"widget\" data-widget_type=\"spacer.default\">\n\t\t\t\t<div class=\"elementor-widget-container\">\n\t\t\t\t\t\t\t<div class=\"elementor-spacer\">\n\t\t\t<div class=\"elementor-spacer-inner\"><\/div>\n\t\t<\/div>\n\t\t\t\t\t\t<\/div>\n\t\t\t\t<\/div>\n\t\t\t\t\t<\/div>\n\t\t<\/div>\n\t\t\t\t\t<\/div>\n\t\t<\/section>\n\t\t<div class=\"elementor-element elementor-element-07a8b11 e-flex e-con-boxed e-con e-parent\" data-id=\"07a8b11\" data-element_type=\"container\">\n\t\t\t\t\t<div class=\"e-con-inner\">\n\t\t\t\t<div class=\"elementor-element elementor-element-b198ff8 elementor-widget__width-initial elementor-widget elementor-widget-text-editor\" data-id=\"b198ff8\" data-element_type=\"widget\" data-widget_type=\"text-editor.default\">\n\t\t\t\t<div class=\"elementor-widget-container\">\n\t\t\t\t\t\t\t\t\t<p><span style=\"color: #1b1c1d; font-family: Arial, sans-serif; font-size: 14.6667px; text-align: center; white-space-collapse: preserve;\">Que ce soit pour optimiser la collaboration, automatiser des t\u00e2ches ou analyser des donn\u00e9es, nos formations personnalis\u00e9es vous donnent les cl\u00e9s pour exploiter pleinement le potentiel de Google Workspace.<\/span><\/p>\t\t\t\t\t\t\t\t<\/div>\n\t\t\t\t<\/div>\n\t\t\t\t\t<\/div>\n\t\t\t\t<\/div>\n\t\t\t\t<section class=\"elementor-section elementor-top-section elementor-element elementor-element-947a7b8 elementor-section-boxed elementor-section-gap-beside-yes elementor-section-height-default elementor-section-height-default elementor-section-column-vertical-align-stretch\" data-id=\"947a7b8\" data-element_type=\"section\">\n\t\t\t\t\t\t<div class=\"elementor-container elementor-column-gap-extended\">\n\t\t\t\t\t<div class=\"elementor-column elementor-col-50 elementor-top-column elementor-element elementor-element-8236c67\" data-id=\"8236c67\" data-element_type=\"column\">\n\t\t\t<div class=\"elementor-widget-wrap elementor-element-populated\">\n\t\t\t\t\t\t<div class=\"elementor-element elementor-element-c38019a elementor-widget elementor-widget-text-editor\" data-id=\"c38019a\" data-element_type=\"widget\" data-widget_type=\"text-editor.default\">\n\t\t\t\t<div class=\"elementor-widget-container\">\n\t\t\t\t\t\t\t\t\t<p><strong>Ce que vous apprendrez :<\/strong><\/p><ul><li><strong>Google Drive<\/strong> : Organisez, stockez et partagez vos fichiers en toute s\u00e9curit\u00e9.<\/li><li><strong>Gmail<\/strong> : G\u00e9rez vos communications de mani\u00e8re efficace.<\/li><li><strong>Google Sheets<\/strong> : Ma\u00eetrisez l&#8217;analyse de donn\u00e9es et la cr\u00e9ation de rapports.<\/li><li><strong>Google Forms<\/strong> : Cr\u00e9ez des enqu\u00eates et collectez des informations.<\/li><li><strong>Apps Script<\/strong> : Automatisez les t\u00e2ches r\u00e9p\u00e9titives et personnalisez vos flux de travail.<\/li><li>Et <strong>bien plus<\/strong> encore&#8230;<\/li><\/ul>\t\t\t\t\t\t\t\t<\/div>\n\t\t\t\t<\/div>\n\t\t\t\t\t<\/div>\n\t\t<\/div>\n\t\t\t\t<div class=\"elementor-column elementor-col-50 elementor-top-column elementor-element elementor-element-0c5b829\" data-id=\"0c5b829\" data-element_type=\"column\">\n\t\t\t<div class=\"elementor-widget-wrap elementor-element-populated\">\n\t\t\t\t\t\t<div class=\"elementor-element elementor-element-befcabe elementor-widget elementor-widget-text-editor\" data-id=\"befcabe\" data-element_type=\"widget\" data-widget_type=\"text-editor.default\">\n\t\t\t\t<div class=\"elementor-widget-container\">\n\t\t\t\t\t\t\t\t\t<p><strong>Notre approche :<\/strong><\/p><ul><li><b>P\u00e9dagogie Pratique : <\/b>Des sessions ax\u00e9es sur la mise en pratique imm\u00e9diate pour des comp\u00e9tences concr\u00e8tes.<\/li><li><b>Flexibilit\u00e9 : <\/b>Choisissez le format qui vous convient le mieux : en pr\u00e9sentiel ou \u00e0 distance, adapt\u00e9 au rythme de votre entreprise.<\/li><li><b>Personnalisation : <\/b>Nous adaptons le contenu \u00e0 vos besoins sp\u00e9cifiques pour un impact maximal sur votre productivit\u00e9.<\/li><li><b>Formateurs Certifi\u00e9s <\/b>: B\u00e9n\u00e9ficiez de l&#8217;expertise de nos formateurs exp\u00e9riment\u00e9s, passionn\u00e9s par l&#8217;optimisation des flux de travail.<\/li><\/ul>\t\t\t\t\t\t\t\t<\/div>\n\t\t\t\t<\/div>\n\t\t\t\t\t<\/div>\n\t\t<\/div>\n\t\t\t\t\t<\/div>\n\t\t<\/section>\n\t\t<div class=\"elementor-element elementor-element-2e54a9b e-flex e-con-boxed e-con e-parent\" data-id=\"2e54a9b\" data-element_type=\"container\">\n\t\t\t\t\t<div class=\"e-con-inner\">\n\t\t\t\t<div class=\"elementor-element elementor-element-a44f24b elementor-widget__width-initial elementor-widget elementor-widget-text-editor\" data-id=\"a44f24b\" data-element_type=\"widget\" data-widget_type=\"text-editor.default\">\n\t\t\t\t<div class=\"elementor-widget-container\">\n\t\t\t\t\t\t\t\t\t<p>\u00a0<\/p><p dir=\"ltr\" style=\"line-height: 1.38; margin-top: 0pt; margin-bottom: 12pt;\"><span style=\"font-size: 11pt; font-family: Arial, sans-serif; color: #1b1c1d; background-color: transparent; font-style: normal; font-variant: normal; text-decoration: none; vertical-align: baseline; white-space: pre-wrap;\">Lib\u00e9rez le plein potentiel de vos \u00e9quipes avec Google Workspace. <br \/>Contactez-nous d\u00e8s aujourd&#8217;hui pour en savoir plus !<\/span><\/p>\t\t\t\t\t\t\t\t<\/div>\n\t\t\t\t<\/div>\n\t\t\t\t\t<\/div>\n\t\t\t\t<\/div>\n\t\t\t\t<section class=\"elementor-section elementor-top-section elementor-element elementor-element-fa89e6d elementor-section-column-vertical-align-top elementor-section-boxed elementor-section-gap-beside-yes elementor-section-height-default elementor-section-height-default elementor-section-content-align-center\" data-id=\"fa89e6d\" data-element_type=\"section\">\n\t\t\t\t\t\t<div class=\"elementor-container elementor-column-gap-extended\">\n\t\t\t\t\t<div class=\"elementor-column elementor-col-100 elementor-top-column elementor-element elementor-element-0a30b7a elementor-invisible\" data-id=\"0a30b7a\" data-element_type=\"column\" data-settings=\"{&quot;animation&quot;:&quot;maxcoachFadeInUp&quot;}\">\n\t\t\t<div class=\"elementor-widget-wrap elementor-element-populated\">\n\t\t\t\t\t\t<div class=\"elementor-element elementor-element-10c6454 elementor-widget__width-auto elementor-absolute elementor-widget-tablet__width-initial elementor-widget elementor-widget-image\" data-id=\"10c6454\" data-element_type=\"widget\" data-settings=\"{&quot;_position&quot;:&quot;absolute&quot;}\" data-widget_type=\"image.default\">\n\t\t\t\t<div class=\"elementor-widget-container\">\n\t\t\t\t\t\t\t\t\t\t\t\t\t\t\t<img decoding=\"async\" width=\"204\" height=\"193\" src=\"https:\/\/simonfaure.fr\/wp-content\/uploads\/2019\/12\/maxcoach-shape-09.png\" class=\"attachment-full size-full wp-image-494\" alt=\"\" \/>\t\t\t\t\t\t\t\t\t\t\t\t\t\t\t<\/div>\n\t\t\t\t<\/div>\n\t\t\t\t<div class=\"elementor-element elementor-element-827e079 elementor-widget elementor-widget-tm-heading\" data-id=\"827e079\" data-element_type=\"widget\" data-widget_type=\"tm-heading.default\">\n\t\t\t\t<div class=\"elementor-widget-container\">\n\t\t\t\t\t\t\t<div class=\"tm-modern-heading\">\n\t\t\t\n\t\t\t\t\t<div class=\"heading-primary-wrap\">\n\t\t\t<h2 class=\"heading-primary elementor-heading-title\">Pr\u00eat \u00e0 transformer<mark> votre fa\u00e7on de travailler ?<\/h2>\t\t<\/div>\n\t\t\n\t\t\t\n\t\t\t\t\t<div class=\"heading-description-wrap\">\n\t\t\t<div class=\"heading-description\">\n\t\t\t\t<p>L'efficacit\u00e9, boost\u00e9e par la formation<\/p>\t\t\t<\/div>\n\t\t<\/div>\n\t\t\t<\/div>\n\t\t\t\t\t\t<\/div>\n\t\t\t\t<\/div>\n\t\t\t\t<div class=\"elementor-element elementor-element-c9a8ff9 elementor-align-center elementor-invisible elementor-widget elementor-widget-tm-button\" data-id=\"c9a8ff9\" data-element_type=\"widget\" data-settings=\"{&quot;_animation&quot;:&quot;maxcoachFadeInUp&quot;}\" data-widget_type=\"tm-button.default\">\n\t\t\t\t<div class=\"elementor-widget-container\">\n\t\t\t\t\t\t\t<div class=\"tm-button-wrapper\">\n\t\t\t<a href=\"https:\/\/simonfaure.fr\/index.php\/contactez-moi\/\" class=\"tm-button-link tm-button style-flat tm-button-nm icon-right\" role=\"button\">\n\t\t\t\t\t\t<div class=\"button-content-wrapper\">\n\t\t\t\n\t\t\t\t\t\t\t<span class=\"button-text\">Contactez-moi<\/span>\n\t\t\t\n\t\t\t\t\t\t\t<span class=\"button-icon\">\n\t\t\t\t\t<i class=\"far fa-long-arrow-right\"><\/i>\t\t\t\t<\/span>\n\t\t\t\t\t<\/div>\n\t\t\n\t\t\t\t\t\t\t<\/a>\n\t\t<\/div>\n\t\t\t\t\t\t<\/div>\n\t\t\t\t<\/div>\n\t\t\t\t\t<\/div>\n\t\t<\/div>\n\t\t\t\t\t<\/div>\n\t\t<\/section>\n\t\t\t\t<\/div>\n\t\t","protected":false},"excerpt":{"rendered":"<p>Ma\u00eetrisez les outils Google Workspace Optimisez votre productivit\u00e9 avec nos formations Google Workspace Ma\u00eetrisez les outils Google Workspace pour une autonomie totale et transformez la mani\u00e8re dont vos \u00e9quipes travaillent ! Que ce soit pour optimiser la collaboration, automatiser des t\u00e2ches ou analyser des donn\u00e9es, nos formations personnalis\u00e9es vous donnent les cl\u00e9s pour exploiter pleinement le potentiel de Google Workspace. Ce que vous apprendrez : Google Drive : Organisez, stockez et partagez vos fichiers en toute s\u00e9curit\u00e9. Gmail : G\u00e9rez vos communications de mani\u00e8re efficace. Google Sheets : Ma\u00eetrisez l&#8217;analyse de donn\u00e9es et la cr\u00e9ation de rapports. Google Forms : Cr\u00e9ez des enqu\u00eates et collectez des informations. Apps Script : Automatisez les t\u00e2ches r\u00e9p\u00e9titives et personnalisez vos flux de travail. Et bien plus encore&#8230; Notre approche : P\u00e9dagogie Pratique : Des sessions ax\u00e9es sur la mise en pratique imm\u00e9diate pour des comp\u00e9tences concr\u00e8tes. Flexibilit\u00e9 : Choisissez le format qui vous convient le mieux : en pr\u00e9sentiel ou \u00e0 distance, adapt\u00e9 au rythme de votre entreprise. Personnalisation : Nous adaptons le contenu \u00e0 vos besoins sp\u00e9cifiques pour un impact maximal sur votre productivit\u00e9. Formateurs Certifi\u00e9s : B\u00e9n\u00e9ficiez de l&#8217;expertise de nos formateurs exp\u00e9riment\u00e9s, passionn\u00e9s par l&#8217;optimisation des flux de travail. \u00a0 Lib\u00e9rez le plein potentiel de vos \u00e9quipes avec Google Workspace. Contactez-nous d\u00e8s aujourd&#8217;hui pour en savoir plus ! Pr\u00eat \u00e0 transformer votre fa\u00e7on de travailler ? L&#8217;efficacit\u00e9, boost\u00e9e par la formation Contactez-moi<\/p>\n","protected":false},"author":1,"featured_media":0,"parent":0,"menu_order":0,"comment_status":"closed","ping_status":"closed","template":"","meta":{"footnotes":""},"class_list":["post-6683","page","type-page","status-publish","hentry","post-no-thumbnail"],"_links":{"self":[{"href":"https:\/\/simonfaure.fr\/index.php\/wp-json\/wp\/v2\/pages\/6683","targetHints":{"allow":["GET"]}}],"collection":[{"href":"https:\/\/simonfaure.fr\/index.php\/wp-json\/wp\/v2\/pages"}],"about":[{"href":"https:\/\/simonfaure.fr\/index.php\/wp-json\/wp\/v2\/types\/page"}],"author":[{"embeddable":true,"href":"https:\/\/simonfaure.fr\/index.php\/wp-json\/wp\/v2\/users\/1"}],"replies":[{"embeddable":true,"href":"https:\/\/simonfaure.fr\/index.php\/wp-json\/wp\/v2\/comments?post=6683"}],"version-history":[{"count":10,"href":"https:\/\/simonfaure.fr\/index.php\/wp-json\/wp\/v2\/pages\/6683\/revisions"}],"predecessor-version":[{"id":6762,"href":"https:\/\/simonfaure.fr\/index.php\/wp-json\/wp\/v2\/pages\/6683\/revisions\/6762"}],"wp:attachment":[{"href":"https:\/\/simonfaure.fr\/index.php\/wp-json\/wp\/v2\/media?parent=6683"}],"curies":[{"name":"wp","href":"https:\/\/api.w.org\/{rel}","templated":true}]}}